{"id":186,"date":"2021-10-29T19:10:47","date_gmt":"2021-10-29T17:10:47","guid":{"rendered":"http:\/\/peoms.pl\/?page_id=186"},"modified":"2026-01-26T14:25:36","modified_gmt":"2026-01-26T13:25:36","slug":"o-nas","status":"publish","type":"page","link":"https:\/\/peoms.pl\/","title":{"rendered":"O Nas"},"content":{"rendered":"\t\t<div data-elementor-type=\"wp-page\" data-elementor-id=\"186\" class=\"elementor elementor-186\" data-elementor-settings=\"[]\">\n\t\t\t\t\t\t\t<div class=\"elementor-section-wrap\">\n\t\t\t\t\t\t\t<section class=\"elementor-section elementor-top-section elementor-element elementor-element-e207af3 elementor-section-boxed elementor-section-height-default elementor-section-height-default\" data-id=\"e207af3\" data-element_type=\"section\">\n\t\t\t\t\t\t<div class=\"elementor-container elementor-column-gap-default\">\n\t\t\t\t\t<div class=\"elementor-column elementor-col-100 elementor-top-column elementor-element elementor-element-2a608e0\" data-id=\"2a608e0\" data-element_type=\"column\">\n\t\t\t<div class=\"elementor-widget-wrap elementor-element-populated\">\n\t\t\t\t\t\t\t\t<div class=\"elementor-element elementor-element-62f7fcb elementor-widget elementor-widget-spacer\" data-id=\"62f7fcb\" data-element_type=\"widget\" data-widget_type=\"spacer.default\">\n\t\t\t\t<div class=\"elementor-widget-container\">\n\t\t\t\t\t<div class=\"elementor-spacer\">\n\t\t\t<div class=\"elementor-spacer-inner\"><\/div>\n\t\t<\/div>\n\t\t\t\t<\/div>\n\t\t\t\t<\/div>\n\t\t\t\t\t<\/div>\n\t\t<\/div>\n\t\t\t\t\t\t\t<\/div>\n\t\t<\/section>\n\t\t\t\t<section class=\"elementor-section elementor-top-section elementor-element elementor-element-44c6675 elementor-section-boxed elementor-section-height-default elementor-section-height-default\" data-id=\"44c6675\" data-element_type=\"section\">\n\t\t\t\t\t\t<div class=\"elementor-container elementor-column-gap-default\">\n\t\t\t\t\t<div class=\"elementor-column elementor-col-100 elementor-top-column elementor-element elementor-element-c3c6c6a\" data-id=\"c3c6c6a\" data-element_type=\"column\">\n\t\t\t<div class=\"elementor-widget-wrap elementor-element-populated\">\n\t\t\t\t\t\t\t\t<div class=\"elementor-element elementor-element-d79982a elementor-widget elementor-widget-text-editor\" data-id=\"d79982a\" data-element_type=\"widget\" data-widget_type=\"text-editor.default\">\n\t\t\t\t<div class=\"elementor-widget-container\">\n\t\t\t\t\t\t\t<p>Firma <strong>Polska Energia Odnawialna Marcin Szlaps<\/strong> zajmuje si\u0119 projektowaniem i budow\u0105 nowoczesnych, odnawialnych \u017ar\u00f3de\u0142 energii, sprzyjaj\u0105cych \u015brodowisku naturalnemu. W szczeg\u00f3lno\u015bci d\u0105\u017cy do rozwoju energetyki rozproszonej wykorzystuj\u0105cej naturaln\u0105 energi\u0119 w\u00f3d, s\u0142o\u0144ca i wiatru, kt\u00f3rej przetworzenie daje czyst\u0105 i ekologiczn\u0105 energi\u0119 elektryczn\u0105. Firma eksploatuje elektrowni\u0119 wiatrow\u0105 o mocy 1MW w Kokoszczynie gm. Tarnowo Podg\u00f3rne woj. Wielkopolskie z roczn\u0105 produkcj\u0105 ok. 1500 MWh energii elektrycznej z OZE.<\/p><p>Obecnie w budowie jest 2MW elektrowni fotowoltaicznych w G\u00f3rze gm. Tarnowo Podg\u00f3rne woj. Wielkopolskie. W 2022r. firma planuje budow\u0119 kolejnych elektrowni fotowoltaicznych na terenie gmin: Tarnowo Podg\u00f3rne i Ka\u017amierz o \u0142\u0105cznej mocy 6 MW.<\/p><p>\u00a0<\/p><p>Firma jest za\u0142o\u017cycielem i koordynatorem Tarnowsko \u2013 Ka\u017amierskiego Klastra Energii, kt\u00f3rego celem jest rozw\u00f3j rozproszonych odnawialnych \u017ar\u00f3de\u0142 energii, zapewnienie lokalnego bezpiecze\u0144stwa energetycznego, \u00a0zwi\u0119kszenie konkurencyjno\u015bci i efektywno\u015bci ekonomicznej lokalnej gospodarki oraz konsumpcj\u0119\u00a0 energii elektrycznej z OZE na terenie gmin, gdzie s\u0105 zlokalizowane odnawialne \u017ar\u00f3d\u0142a energii.<\/p>\t\t\t\t\t\t<\/div>\n\t\t\t\t<\/div>\n\t\t\t\t<div class=\"elementor-element elementor-element-2b2ee04 elementor-widget elementor-widget-image\" data-id=\"2b2ee04\" data-element_type=\"widget\" data-widget_type=\"image.default\">\n\t\t\t\t<div class=\"elementor-widget-container\">\n\t\t\t\t\t\t\t\t\t\t\t\t\t\t\t<img loading=\"lazy\" decoding=\"async\" width=\"640\" height=\"171\" src=\"https:\/\/peoms.pl\/wp-content\/uploads\/2026\/01\/wspolfinansowanie-1024x274.jpg\" class=\"attachment-large size-large\" alt=\"\" srcset=\"https:\/\/peoms.pl\/wp-content\/uploads\/2026\/01\/wspolfinansowanie-1024x274.jpg 1024w, https:\/\/peoms.pl\/wp-content\/uploads\/2026\/01\/wspolfinansowanie-300x80.jpg 300w, https:\/\/peoms.pl\/wp-content\/uploads\/2026\/01\/wspolfinansowanie-768x205.jpg 768w, https:\/\/peoms.pl\/wp-content\/uploads\/2026\/01\/wspolfinansowanie.jpg 1216w\" sizes=\"auto, (max-width: 640px) 100vw, 640px\" \/>\t\t\t\t\t\t\t\t\t\t\t\t\t\t\t<\/div>\n\t\t\t\t<\/div>\n\t\t\t\t\t<\/div>\n\t\t<\/div>\n\t\t\t\t\t\t\t<\/div>\n\t\t<\/section>\n\t\t\t\t<section class=\"elementor-section elementor-top-section elementor-element elementor-element-5c7d55c elementor-section-boxed elementor-section-height-default elementor-section-height-default\" data-id=\"5c7d55c\" data-element_type=\"section\">\n\t\t\t\t\t\t<div class=\"elementor-container elementor-column-gap-default\">\n\t\t\t\t\t<div class=\"elementor-column elementor-col-100 elementor-top-column elementor-element elementor-element-0b9072d\" data-id=\"0b9072d\" data-element_type=\"column\">\n\t\t\t<div class=\"elementor-widget-wrap elementor-element-populated\">\n\t\t\t\t\t\t\t\t<div class=\"elementor-element elementor-element-519e680 elementor-arrows-position-inside elementor-pagination-position-outside elementor-widget elementor-widget-image-carousel\" data-id=\"519e680\" data-element_type=\"widget\" data-settings=\"{&quot;navigation&quot;:&quot;both&quot;,&quot;autoplay&quot;:&quot;yes&quot;,&quot;pause_on_hover&quot;:&quot;yes&quot;,&quot;pause_on_interaction&quot;:&quot;yes&quot;,&quot;autoplay_speed&quot;:5000,&quot;infinite&quot;:&quot;yes&quot;,&quot;speed&quot;:500}\" data-widget_type=\"image-carousel.default\">\n\t\t\t\t<div class=\"elementor-widget-container\">\n\t\t\t\t\t<div class=\"elementor-image-carousel-wrapper swiper-container\" dir=\"ltr\">\n\t\t\t<div class=\"elementor-image-carousel swiper-wrapper\">\n\t\t\t\t\t\t\t\t<div class=\"swiper-slide\"><figure class=\"swiper-slide-inner\"><img decoding=\"async\" class=\"swiper-slide-image\" src=\"https:\/\/peoms.pl\/wp-content\/uploads\/2021\/10\/DJI_0265101421-scaled-1-150x150.jpg\" alt=\"DJI_0265101421-scaled\" \/><\/figure><\/div><div class=\"swiper-slide\"><figure class=\"swiper-slide-inner\"><img decoding=\"async\" class=\"swiper-slide-image\" src=\"https:\/\/peoms.pl\/wp-content\/uploads\/2021\/10\/DJI_0254101421-scaled-1-150x150.jpg\" alt=\"DJI_0254101421-scaled\" \/><\/figure><\/div><div class=\"swiper-slide\"><figure class=\"swiper-slide-inner\"><img decoding=\"async\" class=\"swiper-slide-image\" src=\"https:\/\/peoms.pl\/wp-content\/uploads\/2021\/10\/DJI_0241101421-scaled-1-150x150.jpg\" alt=\"DJI_0241101421-scaled\" \/><\/figure><\/div><div class=\"swiper-slide\"><figure class=\"swiper-slide-inner\"><img decoding=\"async\" class=\"swiper-slide-image\" src=\"https:\/\/peoms.pl\/wp-content\/uploads\/2021\/10\/DJI_0230101421-scaled-1-150x150.jpg\" alt=\"DJI_0230101421-scaled\" \/><\/figure><\/div><div class=\"swiper-slide\"><figure class=\"swiper-slide-inner\"><img decoding=\"async\" class=\"swiper-slide-image\" src=\"https:\/\/peoms.pl\/wp-content\/uploads\/2021\/10\/DJI_0230101421-1-768x431-1-150x150.jpg\" alt=\"DJI_0230101421-1-768x431\" \/><\/figure><\/div><div class=\"swiper-slide\"><figure class=\"swiper-slide-inner\"><img decoding=\"async\" class=\"swiper-slide-image\" src=\"https:\/\/peoms.pl\/wp-content\/uploads\/2021\/10\/20210911_0645482-1536x864-1-150x150.jpg\" alt=\"20210911_0645482-1536x864\" \/><\/figure><\/div><div class=\"swiper-slide\"><figure class=\"swiper-slide-inner\"><img decoding=\"async\" class=\"swiper-slide-image\" src=\"https:\/\/peoms.pl\/wp-content\/uploads\/2021\/10\/20180916_1855342-2048x1151-1-150x150.jpg\" alt=\"clone tag: 723585834406280888\" \/><\/figure><\/div><div class=\"swiper-slide\"><figure class=\"swiper-slide-inner\"><img decoding=\"async\" class=\"swiper-slide-image\" src=\"https:\/\/peoms.pl\/wp-content\/uploads\/2021\/10\/20180916_185511-scaled-1-150x150.jpg\" alt=\"20180916_185511-scaled\" \/><\/figure><\/div>\t\t\t<\/div>\n\t\t\t\t\t\t\t\t\t\t\t\t<div class=\"swiper-pagination\"><\/div>\n\t\t\t\t\t\t\t\t\t\t\t\t\t<div class=\"elementor-swiper-button elementor-swiper-button-prev\">\n\t\t\t\t\t\t<i class=\"eicon-chevron-left\" aria-hidden=\"true\"><\/i>\n\t\t\t\t\t\t<span class=\"elementor-screen-only\">Previous<\/span>\n\t\t\t\t\t<\/div>\n\t\t\t\t\t<div class=\"elementor-swiper-button elementor-swiper-button-next\">\n\t\t\t\t\t\t<i class=\"eicon-chevron-right\" aria-hidden=\"true\"><\/i>\n\t\t\t\t\t\t<span class=\"elementor-screen-only\">Next<\/span>\n\t\t\t\t\t<\/div>\n\t\t\t\t\t\t\t\t\t<\/div>\n\t\t\t\t<\/div>\n\t\t\t\t<\/div>\n\t\t\t\t\t<\/div>\n\t\t<\/div>\n\t\t\t\t\t\t\t<\/div>\n\t\t<\/section>\n\t\t\t\t\t\t<\/div>\n\t\t\t\t\t<\/div>\n\t\t","protected":false},"excerpt":{"rendered":"<p>Firma Polska Energia Odnawialna Marcin Szlaps zajmuje si\u0119 projektowaniem i budow\u0105 nowoczesnych, odnawialnych \u017ar\u00f3de\u0142 energii, sprzyjaj\u0105cych \u015brodowisku naturalnemu. W szczeg\u00f3lno\u015bci d\u0105\u017cy do rozwoju energetyki rozproszonej wykorzystuj\u0105cej naturaln\u0105 energi\u0119 w\u00f3d, s\u0142o\u0144ca i wiatru, kt\u00f3rej przetworzenie daje czyst\u0105 i ekologiczn\u0105 energi\u0119 elektryczn\u0105. Firma eksploatuje elektrowni\u0119 wiatrow\u0105 o mocy 1MW w Kokoszczynie gm. Tarnowo Podg\u00f3rne woj. Wielkopolskie z [&hellip;]<\/p>\n","protected":false},"author":1,"featured_media":0,"parent":0,"menu_order":0,"comment_status":"closed","ping_status":"closed","template":"","meta":{"_regular_price":[],"currency_symbol":[],"footnotes":""},"class_list":["post-186","page","type-page","status-publish","hentry"],"post_slider_layout_featured_media_urls":{"thumbnail":"","post_slider_layout_landscape_large":"","post_slider_layout_portrait_large":"","post_slider_layout_square_large":"","post_slider_layout_landscape":"","post_slider_layout_portrait":"","post_slider_layout_square":"","full":""},"yoast_head":"<!-- This site is optimized with the Yoast SEO plugin v17.4 - https:\/\/yoast.com\/wordpress\/plugins\/seo\/ -->\n<title>O Nas - Polska Energia Odnawialna Marcin Szlaps<\/title>\n<meta name=\"robots\" content=\"index, follow, max-snippet:-1, max-image-preview:large, max-video-preview:-1\" \/>\n<link rel=\"canonical\" href=\"https:\/\/peoms.pl\/\" \/>\n<meta property=\"og:locale\" content=\"en_US\" \/>\n<meta property=\"og:type\" content=\"article\" \/>\n<meta property=\"og:title\" content=\"O Nas - Polska Energia Odnawialna Marcin Szlaps\" \/>\n<meta property=\"og:description\" content=\"Firma Polska Energia Odnawialna Marcin Szlaps zajmuje si\u0119 projektowaniem i budow\u0105 nowoczesnych, odnawialnych \u017ar\u00f3de\u0142 energii, sprzyjaj\u0105cych \u015brodowisku naturalnemu. W szczeg\u00f3lno\u015bci d\u0105\u017cy do rozwoju energetyki rozproszonej wykorzystuj\u0105cej naturaln\u0105 energi\u0119 w\u00f3d, s\u0142o\u0144ca i wiatru, kt\u00f3rej przetworzenie daje czyst\u0105 i ekologiczn\u0105 energi\u0119 elektryczn\u0105. Firma eksploatuje elektrowni\u0119 wiatrow\u0105 o mocy 1MW w Kokoszczynie gm. Tarnowo Podg\u00f3rne woj. Wielkopolskie z [&hellip;]\" \/>\n<meta property=\"og:url\" content=\"https:\/\/peoms.pl\/\" \/>\n<meta property=\"og:site_name\" content=\"Polska Energia Odnawialna Marcin Szlaps\" \/>\n<meta property=\"article:modified_time\" content=\"2026-01-26T13:25:36+00:00\" \/>\n<meta property=\"og:image\" content=\"https:\/\/peoms.pl\/wp-content\/uploads\/2026\/01\/wspolfinansowanie-1024x274.jpg\" \/>\n<meta name=\"twitter:card\" content=\"summary_large_image\" \/>\n<meta name=\"twitter:label1\" content=\"Est. reading time\" \/>\n\t<meta name=\"twitter:data1\" content=\"4 minutes\" \/>\n<script type=\"application\/ld+json\" class=\"yoast-schema-graph\">{\"@context\":\"https:\/\/schema.org\",\"@graph\":[{\"@type\":\"WebSite\",\"@id\":\"https:\/\/peoms.pl\/#website\",\"url\":\"https:\/\/peoms.pl\/\",\"name\":\"Polska Energia Odnawialna Marcin Szlaps\",\"description\":\"\",\"potentialAction\":[{\"@type\":\"SearchAction\",\"target\":{\"@type\":\"EntryPoint\",\"urlTemplate\":\"https:\/\/peoms.pl\/?s={search_term_string}\"},\"query-input\":\"required name=search_term_string\"}],\"inLanguage\":\"en-US\"},{\"@type\":\"ImageObject\",\"@id\":\"https:\/\/peoms.pl\/#primaryimage\",\"inLanguage\":\"en-US\",\"url\":\"https:\/\/peoms.pl\/wp-content\/uploads\/2026\/01\/wspolfinansowanie.jpg\",\"contentUrl\":\"https:\/\/peoms.pl\/wp-content\/uploads\/2026\/01\/wspolfinansowanie.jpg\",\"width\":1216,\"height\":325},{\"@type\":\"WebPage\",\"@id\":\"https:\/\/peoms.pl\/#webpage\",\"url\":\"https:\/\/peoms.pl\/\",\"name\":\"O Nas - Polska Energia Odnawialna Marcin Szlaps\",\"isPartOf\":{\"@id\":\"https:\/\/peoms.pl\/#website\"},\"primaryImageOfPage\":{\"@id\":\"https:\/\/peoms.pl\/#primaryimage\"},\"datePublished\":\"2021-10-29T17:10:47+00:00\",\"dateModified\":\"2026-01-26T13:25:36+00:00\",\"breadcrumb\":{\"@id\":\"https:\/\/peoms.pl\/#breadcrumb\"},\"inLanguage\":\"en-US\",\"potentialAction\":[{\"@type\":\"ReadAction\",\"target\":[\"https:\/\/peoms.pl\/\"]}]},{\"@type\":\"BreadcrumbList\",\"@id\":\"https:\/\/peoms.pl\/#breadcrumb\",\"itemListElement\":[{\"@type\":\"ListItem\",\"position\":1,\"name\":\"Home\",\"item\":\"https:\/\/peoms.pl\/\"},{\"@type\":\"ListItem\",\"position\":2,\"name\":\"O Nas\"}]}]}<\/script>\n<!-- \/ Yoast SEO plugin. -->","yoast_head_json":{"title":"O Nas - Polska Energia Odnawialna Marcin Szlaps","robots":{"index":"index","follow":"follow","max-snippet":"max-snippet:-1","max-image-preview":"max-image-preview:large","max-video-preview":"max-video-preview:-1"},"canonical":"https:\/\/peoms.pl\/","og_locale":"en_US","og_type":"article","og_title":"O Nas - Polska Energia Odnawialna Marcin Szlaps","og_description":"Firma Polska Energia Odnawialna Marcin Szlaps zajmuje si\u0119 projektowaniem i budow\u0105 nowoczesnych, odnawialnych \u017ar\u00f3de\u0142 energii, sprzyjaj\u0105cych \u015brodowisku naturalnemu. W szczeg\u00f3lno\u015bci d\u0105\u017cy do rozwoju energetyki rozproszonej wykorzystuj\u0105cej naturaln\u0105 energi\u0119 w\u00f3d, s\u0142o\u0144ca i wiatru, kt\u00f3rej przetworzenie daje czyst\u0105 i ekologiczn\u0105 energi\u0119 elektryczn\u0105. Firma eksploatuje elektrowni\u0119 wiatrow\u0105 o mocy 1MW w Kokoszczynie gm. Tarnowo Podg\u00f3rne woj. Wielkopolskie z [&hellip;]","og_url":"https:\/\/peoms.pl\/","og_site_name":"Polska Energia Odnawialna Marcin Szlaps","article_modified_time":"2026-01-26T13:25:36+00:00","og_image":[{"url":"https:\/\/peoms.pl\/wp-content\/uploads\/2026\/01\/wspolfinansowanie-1024x274.jpg"}],"twitter_card":"summary_large_image","twitter_misc":{"Est. reading time":"4 minutes"},"schema":{"@context":"https:\/\/schema.org","@graph":[{"@type":"WebSite","@id":"https:\/\/peoms.pl\/#website","url":"https:\/\/peoms.pl\/","name":"Polska Energia Odnawialna Marcin Szlaps","description":"","potentialAction":[{"@type":"SearchAction","target":{"@type":"EntryPoint","urlTemplate":"https:\/\/peoms.pl\/?s={search_term_string}"},"query-input":"required name=search_term_string"}],"inLanguage":"en-US"},{"@type":"ImageObject","@id":"https:\/\/peoms.pl\/#primaryimage","inLanguage":"en-US","url":"https:\/\/peoms.pl\/wp-content\/uploads\/2026\/01\/wspolfinansowanie.jpg","contentUrl":"https:\/\/peoms.pl\/wp-content\/uploads\/2026\/01\/wspolfinansowanie.jpg","width":1216,"height":325},{"@type":"WebPage","@id":"https:\/\/peoms.pl\/#webpage","url":"https:\/\/peoms.pl\/","name":"O Nas - Polska Energia Odnawialna Marcin Szlaps","isPartOf":{"@id":"https:\/\/peoms.pl\/#website"},"primaryImageOfPage":{"@id":"https:\/\/peoms.pl\/#primaryimage"},"datePublished":"2021-10-29T17:10:47+00:00","dateModified":"2026-01-26T13:25:36+00:00","breadcrumb":{"@id":"https:\/\/peoms.pl\/#breadcrumb"},"inLanguage":"en-US","potentialAction":[{"@type":"ReadAction","target":["https:\/\/peoms.pl\/"]}]},{"@type":"BreadcrumbList","@id":"https:\/\/peoms.pl\/#breadcrumb","itemListElement":[{"@type":"ListItem","position":1,"name":"Home","item":"https:\/\/peoms.pl\/"},{"@type":"ListItem","position":2,"name":"O Nas"}]}]}},"_links":{"self":[{"href":"https:\/\/peoms.pl\/index.php?rest_route=\/wp\/v2\/pages\/186","targetHints":{"allow":["GET"]}}],"collection":[{"href":"https:\/\/peoms.pl\/index.php?rest_route=\/wp\/v2\/pages"}],"about":[{"href":"https:\/\/peoms.pl\/index.php?rest_route=\/wp\/v2\/types\/page"}],"author":[{"embeddable":true,"href":"https:\/\/peoms.pl\/index.php?rest_route=\/wp\/v2\/users\/1"}],"replies":[{"embeddable":true,"href":"https:\/\/peoms.pl\/index.php?rest_route=%2Fwp%2Fv2%2Fcomments&post=186"}],"version-history":[{"count":23,"href":"https:\/\/peoms.pl\/index.php?rest_route=\/wp\/v2\/pages\/186\/revisions"}],"predecessor-version":[{"id":635,"href":"https:\/\/peoms.pl\/index.php?rest_route=\/wp\/v2\/pages\/186\/revisions\/635"}],"wp:attachment":[{"href":"https:\/\/peoms.pl\/index.php?rest_route=%2Fwp%2Fv2%2Fmedia&parent=186"}],"curies":[{"name":"wp","href":"https:\/\/api.w.org\/{rel}","templated":true}]}}