{"id":320,"date":"2021-10-29T20:49:27","date_gmt":"2021-10-29T18:49:27","guid":{"rendered":"http:\/\/peoms.pl\/?page_id=320"},"modified":"2021-10-29T22:07:57","modified_gmt":"2021-10-29T20:07:57","slug":"nasze-elektrownie","status":"publish","type":"page","link":"https:\/\/peoms.pl\/?page_id=320","title":{"rendered":"Nasze elektrownie"},"content":{"rendered":"\t\t<div data-elementor-type=\"wp-page\" data-elementor-id=\"320\" class=\"elementor elementor-320\" data-elementor-settings=\"[]\">\n\t\t\t\t\t\t\t<div class=\"elementor-section-wrap\">\n\t\t\t\t\t\t\t<section class=\"elementor-section elementor-top-section elementor-element elementor-element-3762b93 elementor-section-boxed elementor-section-height-default elementor-section-height-default\" data-id=\"3762b93\" data-element_type=\"section\">\n\t\t\t\t\t\t<div class=\"elementor-container elementor-column-gap-default\">\n\t\t\t\t\t<div class=\"elementor-column elementor-col-100 elementor-top-column elementor-element elementor-element-42cbabf\" data-id=\"42cbabf\" data-element_type=\"column\">\n\t\t\t<div class=\"elementor-widget-wrap elementor-element-populated\">\n\t\t\t\t\t\t\t\t<div class=\"elementor-element elementor-element-68ec063 elementor-widget elementor-widget-text-editor\" data-id=\"68ec063\" data-element_type=\"widget\" data-widget_type=\"text-editor.default\">\n\t\t\t\t<div class=\"elementor-widget-container\">\n\t\t\t\t\t\t\t<p>Firma eksploatuje elektrowni\u0119 wiatrow\u0105 o mocy 1MW w Kokoszczynie gm. Tarnowo Podg\u00f3rne woj. Wielkopolskie z roczn\u0105 produkcj\u0105 ok. 1500 MWh energii elektrycznej z OZE.<\/p><p>Obecnie w budowie jest 2MW elektrowni fotowoltaicznych w G\u00f3rze gm. Tarnowo Podg\u00f3rne woj. Wielkopolskie. W 2022r. firma planuje budow\u0119 kolejnych elektrowni fotowoltaicznych na terenie gmin: Tarnowo Podg\u00f3rne i Ka\u017amierz o \u0142\u0105cznej mocy 10 MW.<\/p>\t\t\t\t\t\t<\/div>\n\t\t\t\t<\/div>\n\t\t\t\t\t<\/div>\n\t\t<\/div>\n\t\t\t\t\t\t\t<\/div>\n\t\t<\/section>\n\t\t\t\t\t\t<\/div>\n\t\t\t\t\t<\/div>\n\t\t","protected":false},"excerpt":{"rendered":"<p>Firma eksploatuje elektrowni\u0119 wiatrow\u0105 o mocy 1MW w Kokoszczynie gm. Tarnowo Podg\u00f3rne woj. Wielkopolskie z roczn\u0105 produkcj\u0105 ok. 1500 MWh energii elektrycznej z OZE. Obecnie w budowie jest 2MW elektrowni fotowoltaicznych w G\u00f3rze gm. Tarnowo Podg\u00f3rne woj. Wielkopolskie. W 2022r. firma planuje budow\u0119 kolejnych elektrowni fotowoltaicznych na terenie gmin: Tarnowo Podg\u00f3rne i Ka\u017amierz o \u0142\u0105cznej [&hellip;]<\/p>\n","protected":false},"author":1,"featured_media":0,"parent":0,"menu_order":0,"comment_status":"closed","ping_status":"closed","template":"","meta":{"_regular_price":[],"currency_symbol":[],"footnotes":""},"class_list":["post-320","page","type-page","status-publish","hentry"],"post_slider_layout_featured_media_urls":{"thumbnail":"","post_slider_layout_landscape_large":"","post_slider_layout_portrait_large":"","post_slider_layout_square_large":"","post_slider_layout_landscape":"","post_slider_layout_portrait":"","post_slider_layout_square":"","full":""},"yoast_head":"<!-- This site is optimized with the Yoast SEO plugin v17.4 - https:\/\/yoast.com\/wordpress\/plugins\/seo\/ -->\n<title>Nasze elektrownie - Polska Energia Odnawialna Marcin Szlaps<\/title>\n<meta name=\"robots\" content=\"index, follow, max-snippet:-1, max-image-preview:large, max-video-preview:-1\" \/>\n<link rel=\"canonical\" href=\"https:\/\/peoms.pl\/?page_id=320\" \/>\n<meta property=\"og:locale\" content=\"en_US\" \/>\n<meta property=\"og:type\" content=\"article\" \/>\n<meta property=\"og:title\" content=\"Nasze elektrownie - Polska Energia Odnawialna Marcin Szlaps\" \/>\n<meta property=\"og:description\" content=\"Firma eksploatuje elektrowni\u0119 wiatrow\u0105 o mocy 1MW w Kokoszczynie gm. Tarnowo Podg\u00f3rne woj. Wielkopolskie z roczn\u0105 produkcj\u0105 ok. 1500 MWh energii elektrycznej z OZE. Obecnie w budowie jest 2MW elektrowni fotowoltaicznych w G\u00f3rze gm. Tarnowo Podg\u00f3rne woj. Wielkopolskie. W 2022r. firma planuje budow\u0119 kolejnych elektrowni fotowoltaicznych na terenie gmin: Tarnowo Podg\u00f3rne i Ka\u017amierz o \u0142\u0105cznej [&hellip;]\" \/>\n<meta property=\"og:url\" content=\"https:\/\/peoms.pl\/?page_id=320\" \/>\n<meta property=\"og:site_name\" content=\"Polska Energia Odnawialna Marcin Szlaps\" \/>\n<meta property=\"article:modified_time\" content=\"2021-10-29T20:07:57+00:00\" \/>\n<meta name=\"twitter:card\" content=\"summary_large_image\" \/>\n<meta name=\"twitter:label1\" content=\"Est. reading time\" \/>\n\t<meta name=\"twitter:data1\" content=\"1 minute\" \/>\n<script type=\"application\/ld+json\" class=\"yoast-schema-graph\">{\"@context\":\"https:\/\/schema.org\",\"@graph\":[{\"@type\":\"WebSite\",\"@id\":\"https:\/\/peoms.pl\/#website\",\"url\":\"https:\/\/peoms.pl\/\",\"name\":\"Polska Energia Odnawialna Marcin Szlaps\",\"description\":\"\",\"potentialAction\":[{\"@type\":\"SearchAction\",\"target\":{\"@type\":\"EntryPoint\",\"urlTemplate\":\"https:\/\/peoms.pl\/?s={search_term_string}\"},\"query-input\":\"required name=search_term_string\"}],\"inLanguage\":\"en-US\"},{\"@type\":\"WebPage\",\"@id\":\"https:\/\/peoms.pl\/?page_id=320#webpage\",\"url\":\"https:\/\/peoms.pl\/?page_id=320\",\"name\":\"Nasze elektrownie - Polska Energia Odnawialna Marcin Szlaps\",\"isPartOf\":{\"@id\":\"https:\/\/peoms.pl\/#website\"},\"datePublished\":\"2021-10-29T18:49:27+00:00\",\"dateModified\":\"2021-10-29T20:07:57+00:00\",\"breadcrumb\":{\"@id\":\"https:\/\/peoms.pl\/?page_id=320#breadcrumb\"},\"inLanguage\":\"en-US\",\"potentialAction\":[{\"@type\":\"ReadAction\",\"target\":[\"https:\/\/peoms.pl\/?page_id=320\"]}]},{\"@type\":\"BreadcrumbList\",\"@id\":\"https:\/\/peoms.pl\/?page_id=320#breadcrumb\",\"itemListElement\":[{\"@type\":\"ListItem\",\"position\":1,\"name\":\"Home\",\"item\":\"https:\/\/peoms.pl\/\"},{\"@type\":\"ListItem\",\"position\":2,\"name\":\"Nasze elektrownie\"}]}]}<\/script>\n<!-- \/ Yoast SEO plugin. -->","yoast_head_json":{"title":"Nasze elektrownie - Polska Energia Odnawialna Marcin Szlaps","robots":{"index":"index","follow":"follow","max-snippet":"max-snippet:-1","max-image-preview":"max-image-preview:large","max-video-preview":"max-video-preview:-1"},"canonical":"https:\/\/peoms.pl\/?page_id=320","og_locale":"en_US","og_type":"article","og_title":"Nasze elektrownie - Polska Energia Odnawialna Marcin Szlaps","og_description":"Firma eksploatuje elektrowni\u0119 wiatrow\u0105 o mocy 1MW w Kokoszczynie gm. Tarnowo Podg\u00f3rne woj. Wielkopolskie z roczn\u0105 produkcj\u0105 ok. 1500 MWh energii elektrycznej z OZE. Obecnie w budowie jest 2MW elektrowni fotowoltaicznych w G\u00f3rze gm. Tarnowo Podg\u00f3rne woj. Wielkopolskie. W 2022r. firma planuje budow\u0119 kolejnych elektrowni fotowoltaicznych na terenie gmin: Tarnowo Podg\u00f3rne i Ka\u017amierz o \u0142\u0105cznej [&hellip;]","og_url":"https:\/\/peoms.pl\/?page_id=320","og_site_name":"Polska Energia Odnawialna Marcin Szlaps","article_modified_time":"2021-10-29T20:07:57+00:00","twitter_card":"summary_large_image","twitter_misc":{"Est. reading time":"1 minute"},"schema":{"@context":"https:\/\/schema.org","@graph":[{"@type":"WebSite","@id":"https:\/\/peoms.pl\/#website","url":"https:\/\/peoms.pl\/","name":"Polska Energia Odnawialna Marcin Szlaps","description":"","potentialAction":[{"@type":"SearchAction","target":{"@type":"EntryPoint","urlTemplate":"https:\/\/peoms.pl\/?s={search_term_string}"},"query-input":"required name=search_term_string"}],"inLanguage":"en-US"},{"@type":"WebPage","@id":"https:\/\/peoms.pl\/?page_id=320#webpage","url":"https:\/\/peoms.pl\/?page_id=320","name":"Nasze elektrownie - Polska Energia Odnawialna Marcin Szlaps","isPartOf":{"@id":"https:\/\/peoms.pl\/#website"},"datePublished":"2021-10-29T18:49:27+00:00","dateModified":"2021-10-29T20:07:57+00:00","breadcrumb":{"@id":"https:\/\/peoms.pl\/?page_id=320#breadcrumb"},"inLanguage":"en-US","potentialAction":[{"@type":"ReadAction","target":["https:\/\/peoms.pl\/?page_id=320"]}]},{"@type":"BreadcrumbList","@id":"https:\/\/peoms.pl\/?page_id=320#breadcrumb","itemListElement":[{"@type":"ListItem","position":1,"name":"Home","item":"https:\/\/peoms.pl\/"},{"@type":"ListItem","position":2,"name":"Nasze elektrownie"}]}]}},"_links":{"self":[{"href":"https:\/\/peoms.pl\/index.php?rest_route=\/wp\/v2\/pages\/320","targetHints":{"allow":["GET"]}}],"collection":[{"href":"https:\/\/peoms.pl\/index.php?rest_route=\/wp\/v2\/pages"}],"about":[{"href":"https:\/\/peoms.pl\/index.php?rest_route=\/wp\/v2\/types\/page"}],"author":[{"embeddable":true,"href":"https:\/\/peoms.pl\/index.php?rest_route=\/wp\/v2\/users\/1"}],"replies":[{"embeddable":true,"href":"https:\/\/peoms.pl\/index.php?rest_route=%2Fwp%2Fv2%2Fcomments&post=320"}],"version-history":[{"count":4,"href":"https:\/\/peoms.pl\/index.php?rest_route=\/wp\/v2\/pages\/320\/revisions"}],"predecessor-version":[{"id":391,"href":"https:\/\/peoms.pl\/index.php?rest_route=\/wp\/v2\/pages\/320\/revisions\/391"}],"wp:attachment":[{"href":"https:\/\/peoms.pl\/index.php?rest_route=%2Fwp%2Fv2%2Fmedia&parent=320"}],"curies":[{"name":"wp","href":"https:\/\/api.w.org\/{rel}","templated":true}]}}