{"id":322,"date":"2021-10-29T20:49:59","date_gmt":"2021-10-29T18:49:59","guid":{"rendered":"http:\/\/peoms.pl\/?page_id=322"},"modified":"2022-10-26T12:08:42","modified_gmt":"2022-10-26T10:08:42","slug":"elektrownie-sloneczne","status":"publish","type":"page","link":"https:\/\/peoms.pl\/?page_id=322","title":{"rendered":"Elektrownie s\u0142oneczne"},"content":{"rendered":"\t\t<div data-elementor-type=\"wp-page\" data-elementor-id=\"322\" class=\"elementor elementor-322\" data-elementor-settings=\"[]\">\n\t\t\t\t\t\t\t<div class=\"elementor-section-wrap\">\n\t\t\t\t\t\t\t<section class=\"elementor-section elementor-top-section elementor-element elementor-element-75cb1f9 elementor-section-boxed elementor-section-height-default elementor-section-height-default\" data-id=\"75cb1f9\" data-element_type=\"section\">\n\t\t\t\t\t\t<div class=\"elementor-container elementor-column-gap-default\">\n\t\t\t\t\t<div class=\"elementor-column elementor-col-33 elementor-top-column elementor-element elementor-element-3ea02b1\" data-id=\"3ea02b1\" data-element_type=\"column\">\n\t\t\t<div class=\"elementor-widget-wrap elementor-element-populated\">\n\t\t\t\t\t\t\t\t<div class=\"elementor-element elementor-element-ebb1478 elementor-widget elementor-widget-image\" data-id=\"ebb1478\" data-element_type=\"widget\" data-widget_type=\"image.default\">\n\t\t\t\t<div class=\"elementor-widget-container\">\n\t\t\t\t\t\t\t\t\t\t\t\t\t\t\t<img loading=\"lazy\" decoding=\"async\" width=\"640\" height=\"426\" src=\"https:\/\/peoms.pl\/wp-content\/uploads\/2021\/10\/image26-1024x682.jpg\" class=\"attachment-large size-large\" alt=\"\" srcset=\"https:\/\/peoms.pl\/wp-content\/uploads\/2021\/10\/image26-1024x682.jpg 1024w, https:\/\/peoms.pl\/wp-content\/uploads\/2021\/10\/image26-300x200.jpg 300w, https:\/\/peoms.pl\/wp-content\/uploads\/2021\/10\/image26-768x512.jpg 768w, https:\/\/peoms.pl\/wp-content\/uploads\/2021\/10\/image26-1536x1023.jpg 1536w, https:\/\/peoms.pl\/wp-content\/uploads\/2021\/10\/image26.jpg 1600w\" sizes=\"auto, (max-width: 640px) 100vw, 640px\" \/>\t\t\t\t\t\t\t\t\t\t\t\t\t\t\t<\/div>\n\t\t\t\t<\/div>\n\t\t\t\t\t<\/div>\n\t\t<\/div>\n\t\t\t\t<div class=\"elementor-column elementor-col-66 elementor-top-column elementor-element elementor-element-156d3ab\" data-id=\"156d3ab\" data-element_type=\"column\">\n\t\t\t<div class=\"elementor-widget-wrap elementor-element-populated\">\n\t\t\t\t\t\t\t\t<div class=\"elementor-element elementor-element-bbc3def elementor-widget elementor-widget-text-editor\" data-id=\"bbc3def\" data-element_type=\"widget\" data-widget_type=\"text-editor.default\">\n\t\t\t\t<div class=\"elementor-widget-container\">\n\t\t\t\t\t\t\t<p>S\u0142o\u0144ce jest jednym ze \u017ar\u00f3de\u0142 energii odnawialnych wykorzystywanym do produkcji energii. Jest to alternatywa dla paliw kopalnych, kt\u00f3rych ci\u0105gle eksploatowane zasoby bardzo szybko si\u0119 kurcz\u0105 a spos\u00f3b ich przetwarzania powoduje zanieczyszczenie atmosfery i degradacj\u0119 \u015brodowiska naturalnego. S\u0142o\u0144ce zatem jest naturaln\u0105 alternatyw\u0105 dla paliw kopalnych oferuj\u0105c\u0105 nam darmow\u0105 produkcj\u0119 energii chroni\u0105c przy tym \u015brodowisko naturale. Pozwalaj\u0105 r\u00f3wnie\u017c na pokrycie w znacznym procencie zapotrzebowanie na energi\u0119 elektryczn\u0105 i ciepln\u0105 w gospodarstwach domowych, miastach czy fabrykach obni\u017caj\u0105c koszty energii elektrycznej.<\/p>\t\t\t\t\t\t<\/div>\n\t\t\t\t<\/div>\n\t\t\t\t\t<\/div>\n\t\t<\/div>\n\t\t\t\t\t\t\t<\/div>\n\t\t<\/section>\n\t\t\t\t<section class=\"elementor-section elementor-top-section elementor-element elementor-element-2fa1dd4 elementor-section-boxed elementor-section-height-default elementor-section-height-default\" data-id=\"2fa1dd4\" data-element_type=\"section\">\n\t\t\t\t\t\t<div class=\"elementor-container elementor-column-gap-default\">\n\t\t\t\t\t<div class=\"elementor-column elementor-col-100 elementor-top-column elementor-element elementor-element-e652422\" data-id=\"e652422\" data-element_type=\"column\">\n\t\t\t<div class=\"elementor-widget-wrap elementor-element-populated\">\n\t\t\t\t\t\t\t\t<section class=\"elementor-section elementor-inner-section elementor-element elementor-element-0ea2a15 elementor-section-boxed elementor-section-height-default elementor-section-height-default\" data-id=\"0ea2a15\" data-element_type=\"section\">\n\t\t\t\t\t\t<div class=\"elementor-container elementor-column-gap-default\">\n\t\t\t\t\t<div class=\"elementor-column elementor-col-50 elementor-inner-column elementor-element elementor-element-00d718f\" data-id=\"00d718f\" data-element_type=\"column\">\n\t\t\t<div class=\"elementor-widget-wrap elementor-element-populated\">\n\t\t\t\t\t\t\t\t<div class=\"elementor-element elementor-element-d34f219 elementor-widget elementor-widget-image\" data-id=\"d34f219\" data-element_type=\"widget\" data-widget_type=\"image.default\">\n\t\t\t\t<div class=\"elementor-widget-container\">\n\t\t\t\t\t\t\t\t\t\t\t\t<figure class=\"wp-caption\">\n\t\t\t\t\t\t\t\t\t\t<img loading=\"lazy\" decoding=\"async\" width=\"640\" height=\"434\" src=\"https:\/\/peoms.pl\/wp-content\/uploads\/2022\/06\/20220430_192011-1024x694.jpg\" class=\"attachment-large size-large\" alt=\"\" srcset=\"https:\/\/peoms.pl\/wp-content\/uploads\/2022\/06\/20220430_192011-1024x694.jpg 1024w, https:\/\/peoms.pl\/wp-content\/uploads\/2022\/06\/20220430_192011-300x203.jpg 300w, https:\/\/peoms.pl\/wp-content\/uploads\/2022\/06\/20220430_192011-768x520.jpg 768w, https:\/\/peoms.pl\/wp-content\/uploads\/2022\/06\/20220430_192011-1536x1041.jpg 1536w, https:\/\/peoms.pl\/wp-content\/uploads\/2022\/06\/20220430_192011-2048x1388.jpg 2048w\" sizes=\"auto, (max-width: 640px) 100vw, 640px\" \/>\t\t\t\t\t\t\t\t\t\t\t<figcaption class=\"widget-image-caption wp-caption-text\"><span id=\"su_tooltip_69e2136dd8625_button\" class=\"su-tooltip-button su-tooltip-button-outline-no\" aria-describedby=\"su_tooltip_69e2136dd8625\" data-settings='{\"position\":\"top\",\"behavior\":\"hover\",\"hideDelay\":0}' tabindex=\"0\">G\u00f3ra I<\/span><span style=\"display:none;z-index:100\" id=\"su_tooltip_69e2136dd8625\" class=\"su-tooltip\" role=\"tooltip\"><span class=\"su-tooltip-inner su-tooltip-shadow-yes\" style=\"z-index:100;background:#222222;color:#FFFFFF;font-size:16px;border-radius:5px;text-align:center;max-width:250px;line-height:1.25\"><span class=\"su-tooltip-title\"><\/span><span class=\"su-tooltip-content su-u-trim\">Wojew\u00f3dztwo: Wielkopolskie, Powiat: Pozna\u0144ski Gmina: Tarnowo Podg\u00f3rne, Moc: 1MW<\/span><\/span><span id=\"su_tooltip_69e2136dd8625_arrow\" class=\"su-tooltip-arrow\" style=\"z-index:100;background:#222222\" data-popper-arrow><\/span><\/span><\/figcaption>\n\t\t\t\t\t\t\t\t\t\t<\/figure>\n\t\t\t\t\t\t\t\t\t<\/div>\n\t\t\t\t<\/div>\n\t\t\t\t\t<\/div>\n\t\t<\/div>\n\t\t\t\t<div class=\"elementor-column elementor-col-50 elementor-inner-column elementor-element elementor-element-4b56cb1\" data-id=\"4b56cb1\" data-element_type=\"column\">\n\t\t\t<div class=\"elementor-widget-wrap elementor-element-populated\">\n\t\t\t\t\t\t\t\t<div class=\"elementor-element elementor-element-aa0db61 elementor-widget elementor-widget-image\" data-id=\"aa0db61\" data-element_type=\"widget\" data-widget_type=\"image.default\">\n\t\t\t\t<div class=\"elementor-widget-container\">\n\t\t\t\t\t\t\t\t\t\t\t\t<figure class=\"wp-caption\">\n\t\t\t\t\t\t\t\t\t\t<img loading=\"lazy\" decoding=\"async\" width=\"640\" height=\"480\" src=\"https:\/\/peoms.pl\/wp-content\/uploads\/2022\/06\/20220430_192128-1024x768.jpg\" class=\"attachment-large size-large\" alt=\"\" srcset=\"https:\/\/peoms.pl\/wp-content\/uploads\/2022\/06\/20220430_192128-1024x768.jpg 1024w, https:\/\/peoms.pl\/wp-content\/uploads\/2022\/06\/20220430_192128-300x225.jpg 300w, https:\/\/peoms.pl\/wp-content\/uploads\/2022\/06\/20220430_192128-768x576.jpg 768w, https:\/\/peoms.pl\/wp-content\/uploads\/2022\/06\/20220430_192128-1536x1152.jpg 1536w, https:\/\/peoms.pl\/wp-content\/uploads\/2022\/06\/20220430_192128-2048x1536.jpg 2048w\" sizes=\"auto, (max-width: 640px) 100vw, 640px\" \/>\t\t\t\t\t\t\t\t\t\t\t<figcaption class=\"widget-image-caption wp-caption-text\"><span id=\"su_tooltip_69e2136dd868b_button\" class=\"su-tooltip-button su-tooltip-button-outline-no\" aria-describedby=\"su_tooltip_69e2136dd868b\" data-settings='{\"position\":\"top\",\"behavior\":\"hover\",\"hideDelay\":0}' tabindex=\"0\">G\u00f3ra II<\/span><span style=\"display:none;z-index:100\" id=\"su_tooltip_69e2136dd868b\" class=\"su-tooltip\" role=\"tooltip\"><span class=\"su-tooltip-inner su-tooltip-shadow-yes\" style=\"z-index:100;background:#222222;color:#FFFFFF;font-size:16px;border-radius:5px;text-align:center;max-width:250px;line-height:1.25\"><span class=\"su-tooltip-title\"><\/span><span class=\"su-tooltip-content su-u-trim\">Wojew\u00f3dztwo: Wielkopolskie, Powiat: Pozna\u0144ski Gmina: Tarnowo Podg\u00f3rne, Moc: 1MW<\/span><\/span><span id=\"su_tooltip_69e2136dd868b_arrow\" class=\"su-tooltip-arrow\" style=\"z-index:100;background:#222222\" data-popper-arrow><\/span><\/span><\/figcaption>\n\t\t\t\t\t\t\t\t\t\t<\/figure>\n\t\t\t\t\t\t\t\t\t<\/div>\n\t\t\t\t<\/div>\n\t\t\t\t\t<\/div>\n\t\t<\/div>\n\t\t\t\t\t\t\t<\/div>\n\t\t<\/section>\n\t\t\t\t\t<\/div>\n\t\t<\/div>\n\t\t\t\t\t\t\t<\/div>\n\t\t<\/section>\n\t\t\t\t<section class=\"elementor-section elementor-top-section elementor-element elementor-element-4f61fc6 elementor-section-boxed elementor-section-height-default elementor-section-height-default\" data-id=\"4f61fc6\" data-element_type=\"section\">\n\t\t\t\t\t\t<div class=\"elementor-container elementor-column-gap-default\">\n\t\t\t\t\t<div class=\"elementor-column elementor-col-100 elementor-top-column elementor-element elementor-element-119ce04\" data-id=\"119ce04\" data-element_type=\"column\">\n\t\t\t<div class=\"elementor-widget-wrap elementor-element-populated\">\n\t\t\t\t\t\t\t\t<div class=\"elementor-element elementor-element-604b1a7 elementor-aspect-ratio-169 elementor-widget elementor-widget-video\" data-id=\"604b1a7\" data-element_type=\"widget\" data-settings=\"{&quot;video_type&quot;:&quot;hosted&quot;,&quot;controls&quot;:&quot;yes&quot;,&quot;aspect_ratio&quot;:&quot;169&quot;}\" data-widget_type=\"video.default\">\n\t\t\t\t<div class=\"elementor-widget-container\">\n\t\t\t\t\t<div class=\"e-hosted-video elementor-wrapper elementor-fit-aspect-ratio elementor-open-inline\">\n\t\t\t\t\t<video class=\"elementor-video\" src=\"http:\/\/peoms.pl\/wp-content\/uploads\/2021\/10\/2021_10_14_07_57_36.mp4\" controls=\"\" controlsList=\"nodownload\"><\/video>\n\t\t\t\t<\/div>\n\t\t\t\t<\/div>\n\t\t\t\t<\/div>\n\t\t\t\t\t<\/div>\n\t\t<\/div>\n\t\t\t\t\t\t\t<\/div>\n\t\t<\/section>\n\t\t\t\t\t\t<\/div>\n\t\t\t\t\t<\/div>\n\t\t","protected":false},"excerpt":{"rendered":"<p>S\u0142o\u0144ce jest jednym ze \u017ar\u00f3de\u0142 energii odnawialnych wykorzystywanym do produkcji energii. Jest to alternatywa dla paliw kopalnych, kt\u00f3rych ci\u0105gle eksploatowane zasoby bardzo szybko si\u0119 kurcz\u0105 a spos\u00f3b ich przetwarzania powoduje zanieczyszczenie atmosfery i degradacj\u0119 \u015brodowiska naturalnego. S\u0142o\u0144ce zatem jest naturaln\u0105 alternatyw\u0105 dla paliw kopalnych oferuj\u0105c\u0105 nam darmow\u0105 produkcj\u0119 energii chroni\u0105c przy tym \u015brodowisko naturale. Pozwalaj\u0105 [&hellip;]<\/p>\n","protected":false},"author":1,"featured_media":0,"parent":0,"menu_order":0,"comment_status":"closed","ping_status":"closed","template":"","meta":{"_regular_price":[],"currency_symbol":[],"footnotes":""},"class_list":["post-322","page","type-page","status-publish","hentry"],"post_slider_layout_featured_media_urls":{"thumbnail":"","post_slider_layout_landscape_large":"","post_slider_layout_portrait_large":"","post_slider_layout_square_large":"","post_slider_layout_landscape":"","post_slider_layout_portrait":"","post_slider_layout_square":"","full":""},"yoast_head":"<!-- This site is optimized with the Yoast SEO plugin v17.4 - https:\/\/yoast.com\/wordpress\/plugins\/seo\/ -->\n<title>Elektrownie s\u0142oneczne - Polska Energia Odnawialna Marcin Szlaps<\/title>\n<meta name=\"robots\" content=\"index, follow, max-snippet:-1, max-image-preview:large, max-video-preview:-1\" \/>\n<link rel=\"canonical\" href=\"https:\/\/peoms.pl\/?page_id=322\" \/>\n<meta property=\"og:locale\" content=\"en_US\" \/>\n<meta property=\"og:type\" content=\"article\" \/>\n<meta property=\"og:title\" content=\"Elektrownie s\u0142oneczne - Polska Energia Odnawialna Marcin Szlaps\" \/>\n<meta property=\"og:description\" content=\"S\u0142o\u0144ce jest jednym ze \u017ar\u00f3de\u0142 energii odnawialnych wykorzystywanym do produkcji energii. Jest to alternatywa dla paliw kopalnych, kt\u00f3rych ci\u0105gle eksploatowane zasoby bardzo szybko si\u0119 kurcz\u0105 a spos\u00f3b ich przetwarzania powoduje zanieczyszczenie atmosfery i degradacj\u0119 \u015brodowiska naturalnego. S\u0142o\u0144ce zatem jest naturaln\u0105 alternatyw\u0105 dla paliw kopalnych oferuj\u0105c\u0105 nam darmow\u0105 produkcj\u0119 energii chroni\u0105c przy tym \u015brodowisko naturale. Pozwalaj\u0105 [&hellip;]\" \/>\n<meta property=\"og:url\" content=\"https:\/\/peoms.pl\/?page_id=322\" \/>\n<meta property=\"og:site_name\" content=\"Polska Energia Odnawialna Marcin Szlaps\" \/>\n<meta property=\"article:modified_time\" content=\"2022-10-26T10:08:42+00:00\" \/>\n<meta property=\"og:image\" content=\"https:\/\/peoms.pl\/wp-content\/uploads\/2021\/10\/image26-1024x682.jpg\" \/>\n<meta name=\"twitter:card\" content=\"summary_large_image\" \/>\n<meta name=\"twitter:label1\" content=\"Est. reading time\" \/>\n\t<meta name=\"twitter:data1\" content=\"2 minutes\" \/>\n<script type=\"application\/ld+json\" class=\"yoast-schema-graph\">{\"@context\":\"https:\/\/schema.org\",\"@graph\":[{\"@type\":\"WebSite\",\"@id\":\"https:\/\/peoms.pl\/#website\",\"url\":\"https:\/\/peoms.pl\/\",\"name\":\"Polska Energia Odnawialna Marcin Szlaps\",\"description\":\"\",\"potentialAction\":[{\"@type\":\"SearchAction\",\"target\":{\"@type\":\"EntryPoint\",\"urlTemplate\":\"https:\/\/peoms.pl\/?s={search_term_string}\"},\"query-input\":\"required name=search_term_string\"}],\"inLanguage\":\"en-US\"},{\"@type\":\"ImageObject\",\"@id\":\"https:\/\/peoms.pl\/?page_id=322#primaryimage\",\"inLanguage\":\"en-US\",\"url\":\"https:\/\/peoms.pl\/wp-content\/uploads\/2021\/10\/image26.jpg\",\"contentUrl\":\"https:\/\/peoms.pl\/wp-content\/uploads\/2021\/10\/image26.jpg\",\"width\":1600,\"height\":1066},{\"@type\":\"WebPage\",\"@id\":\"https:\/\/peoms.pl\/?page_id=322#webpage\",\"url\":\"https:\/\/peoms.pl\/?page_id=322\",\"name\":\"Elektrownie s\\u0142oneczne - Polska Energia Odnawialna Marcin Szlaps\",\"isPartOf\":{\"@id\":\"https:\/\/peoms.pl\/#website\"},\"primaryImageOfPage\":{\"@id\":\"https:\/\/peoms.pl\/?page_id=322#primaryimage\"},\"datePublished\":\"2021-10-29T18:49:59+00:00\",\"dateModified\":\"2022-10-26T10:08:42+00:00\",\"breadcrumb\":{\"@id\":\"https:\/\/peoms.pl\/?page_id=322#breadcrumb\"},\"inLanguage\":\"en-US\",\"potentialAction\":[{\"@type\":\"ReadAction\",\"target\":[\"https:\/\/peoms.pl\/?page_id=322\"]}]},{\"@type\":\"BreadcrumbList\",\"@id\":\"https:\/\/peoms.pl\/?page_id=322#breadcrumb\",\"itemListElement\":[{\"@type\":\"ListItem\",\"position\":1,\"name\":\"Home\",\"item\":\"https:\/\/peoms.pl\/\"},{\"@type\":\"ListItem\",\"position\":2,\"name\":\"Elektrownie s\\u0142oneczne\"}]}]}<\/script>\n<!-- \/ Yoast SEO plugin. -->","yoast_head_json":{"title":"Elektrownie s\u0142oneczne - Polska Energia Odnawialna Marcin Szlaps","robots":{"index":"index","follow":"follow","max-snippet":"max-snippet:-1","max-image-preview":"max-image-preview:large","max-video-preview":"max-video-preview:-1"},"canonical":"https:\/\/peoms.pl\/?page_id=322","og_locale":"en_US","og_type":"article","og_title":"Elektrownie s\u0142oneczne - Polska Energia Odnawialna Marcin Szlaps","og_description":"S\u0142o\u0144ce jest jednym ze \u017ar\u00f3de\u0142 energii odnawialnych wykorzystywanym do produkcji energii. Jest to alternatywa dla paliw kopalnych, kt\u00f3rych ci\u0105gle eksploatowane zasoby bardzo szybko si\u0119 kurcz\u0105 a spos\u00f3b ich przetwarzania powoduje zanieczyszczenie atmosfery i degradacj\u0119 \u015brodowiska naturalnego. S\u0142o\u0144ce zatem jest naturaln\u0105 alternatyw\u0105 dla paliw kopalnych oferuj\u0105c\u0105 nam darmow\u0105 produkcj\u0119 energii chroni\u0105c przy tym \u015brodowisko naturale. Pozwalaj\u0105 [&hellip;]","og_url":"https:\/\/peoms.pl\/?page_id=322","og_site_name":"Polska Energia Odnawialna Marcin Szlaps","article_modified_time":"2022-10-26T10:08:42+00:00","og_image":[{"url":"https:\/\/peoms.pl\/wp-content\/uploads\/2021\/10\/image26-1024x682.jpg"}],"twitter_card":"summary_large_image","twitter_misc":{"Est. reading time":"2 minutes"},"schema":{"@context":"https:\/\/schema.org","@graph":[{"@type":"WebSite","@id":"https:\/\/peoms.pl\/#website","url":"https:\/\/peoms.pl\/","name":"Polska Energia Odnawialna Marcin Szlaps","description":"","potentialAction":[{"@type":"SearchAction","target":{"@type":"EntryPoint","urlTemplate":"https:\/\/peoms.pl\/?s={search_term_string}"},"query-input":"required name=search_term_string"}],"inLanguage":"en-US"},{"@type":"ImageObject","@id":"https:\/\/peoms.pl\/?page_id=322#primaryimage","inLanguage":"en-US","url":"https:\/\/peoms.pl\/wp-content\/uploads\/2021\/10\/image26.jpg","contentUrl":"https:\/\/peoms.pl\/wp-content\/uploads\/2021\/10\/image26.jpg","width":1600,"height":1066},{"@type":"WebPage","@id":"https:\/\/peoms.pl\/?page_id=322#webpage","url":"https:\/\/peoms.pl\/?page_id=322","name":"Elektrownie s\u0142oneczne - Polska Energia Odnawialna Marcin Szlaps","isPartOf":{"@id":"https:\/\/peoms.pl\/#website"},"primaryImageOfPage":{"@id":"https:\/\/peoms.pl\/?page_id=322#primaryimage"},"datePublished":"2021-10-29T18:49:59+00:00","dateModified":"2022-10-26T10:08:42+00:00","breadcrumb":{"@id":"https:\/\/peoms.pl\/?page_id=322#breadcrumb"},"inLanguage":"en-US","potentialAction":[{"@type":"ReadAction","target":["https:\/\/peoms.pl\/?page_id=322"]}]},{"@type":"BreadcrumbList","@id":"https:\/\/peoms.pl\/?page_id=322#breadcrumb","itemListElement":[{"@type":"ListItem","position":1,"name":"Home","item":"https:\/\/peoms.pl\/"},{"@type":"ListItem","position":2,"name":"Elektrownie s\u0142oneczne"}]}]}},"_links":{"self":[{"href":"https:\/\/peoms.pl\/index.php?rest_route=\/wp\/v2\/pages\/322","targetHints":{"allow":["GET"]}}],"collection":[{"href":"https:\/\/peoms.pl\/index.php?rest_route=\/wp\/v2\/pages"}],"about":[{"href":"https:\/\/peoms.pl\/index.php?rest_route=\/wp\/v2\/types\/page"}],"author":[{"embeddable":true,"href":"https:\/\/peoms.pl\/index.php?rest_route=\/wp\/v2\/users\/1"}],"replies":[{"embeddable":true,"href":"https:\/\/peoms.pl\/index.php?rest_route=%2Fwp%2Fv2%2Fcomments&post=322"}],"version-history":[{"count":31,"href":"https:\/\/peoms.pl\/index.php?rest_route=\/wp\/v2\/pages\/322\/revisions"}],"predecessor-version":[{"id":589,"href":"https:\/\/peoms.pl\/index.php?rest_route=\/wp\/v2\/pages\/322\/revisions\/589"}],"wp:attachment":[{"href":"https:\/\/peoms.pl\/index.php?rest_route=%2Fwp%2Fv2%2Fmedia&parent=322"}],"curies":[{"name":"wp","href":"https:\/\/api.w.org\/{rel}","templated":true}]}}