{"id":324,"date":"2021-10-29T20:50:20","date_gmt":"2021-10-29T18:50:20","guid":{"rendered":"http:\/\/peoms.pl\/?page_id=324"},"modified":"2021-10-29T21:38:46","modified_gmt":"2021-10-29T19:38:46","slug":"elektrownie-wiatrowe","status":"publish","type":"page","link":"https:\/\/peoms.pl\/?page_id=324","title":{"rendered":"Elektrownie wiatrowe"},"content":{"rendered":"\t\t<div data-elementor-type=\"wp-page\" data-elementor-id=\"324\" class=\"elementor elementor-324\" data-elementor-settings=\"[]\">\n\t\t\t\t\t\t\t<div class=\"elementor-section-wrap\">\n\t\t\t\t\t\t\t<section class=\"elementor-section elementor-top-section elementor-element elementor-element-cce1a41 elementor-section-boxed elementor-section-height-default elementor-section-height-default\" data-id=\"cce1a41\" data-element_type=\"section\">\n\t\t\t\t\t\t<div class=\"elementor-container elementor-column-gap-default\">\n\t\t\t\t\t<div class=\"elementor-column elementor-col-33 elementor-top-column elementor-element elementor-element-b3d75fb\" data-id=\"b3d75fb\" data-element_type=\"column\">\n\t\t\t<div class=\"elementor-widget-wrap elementor-element-populated\">\n\t\t\t\t\t\t\t\t<div class=\"elementor-element elementor-element-f4689cb elementor-widget elementor-widget-image\" data-id=\"f4689cb\" data-element_type=\"widget\" data-widget_type=\"image.default\">\n\t\t\t\t<div class=\"elementor-widget-container\">\n\t\t\t\t\t\t\t\t\t\t\t\t\t\t\t<img loading=\"lazy\" decoding=\"async\" width=\"610\" height=\"1024\" src=\"https:\/\/peoms.pl\/wp-content\/uploads\/2021\/10\/20190511_1753560-scaled-1-610x1024.jpg\" class=\"attachment-large size-large\" alt=\"\" srcset=\"https:\/\/peoms.pl\/wp-content\/uploads\/2021\/10\/20190511_1753560-scaled-1-610x1024.jpg 610w, https:\/\/peoms.pl\/wp-content\/uploads\/2021\/10\/20190511_1753560-scaled-1-179x300.jpg 179w, https:\/\/peoms.pl\/wp-content\/uploads\/2021\/10\/20190511_1753560-scaled-1-768x1288.jpg 768w, https:\/\/peoms.pl\/wp-content\/uploads\/2021\/10\/20190511_1753560-scaled-1-916x1536.jpg 916w, https:\/\/peoms.pl\/wp-content\/uploads\/2021\/10\/20190511_1753560-scaled-1-1221x2048.jpg 1221w, https:\/\/peoms.pl\/wp-content\/uploads\/2021\/10\/20190511_1753560-scaled-1.jpg 1526w\" sizes=\"auto, (max-width: 610px) 100vw, 610px\" \/>\t\t\t\t\t\t\t\t\t\t\t\t\t\t\t<\/div>\n\t\t\t\t<\/div>\n\t\t\t\t\t<\/div>\n\t\t<\/div>\n\t\t\t\t<div class=\"elementor-column elementor-col-66 elementor-top-column elementor-element elementor-element-1c9308c\" data-id=\"1c9308c\" data-element_type=\"column\">\n\t\t\t<div class=\"elementor-widget-wrap elementor-element-populated\">\n\t\t\t\t\t\t\t\t<div class=\"elementor-element elementor-element-a02a620 elementor-widget elementor-widget-text-editor\" data-id=\"a02a620\" data-element_type=\"widget\" data-widget_type=\"text-editor.default\">\n\t\t\t\t<div class=\"elementor-widget-container\">\n\t\t\t\t\t\t\t<p>Elektrownia wiatrowa to zesp\u00f3\u0142 urz\u0105dze\u0144 produkuj\u0105cych energi\u0119 elektryczn\u0105 wiatru za pomoc\u0105 turbin nap\u0119dzanych si\u0142\u0105 wiatru. Pr\u0105d uzyskany w ten spos\u00f3b uwa\u017cany jest za ekologiczny ze wzgl\u0119du na fakt, \u017ce jego produkcji nie towarzyszy spalanie \u017cadnego paliwa (oczywi\u015bcie pomijaj\u0105c nak\u0142ady energetyczne zwi\u0105zane z wybudowaniem takiej elektrowni). Wiatr jest w zasadzie niewyczerpanym, darmowym i szeroko dost\u0119pnym \u017ar\u00f3d\u0142em energii, a jego wykorzystanie w jej produkcji to doskona\u0142y spos\u00f3b na redukcj\u0119 gaz\u00f3w cieplarnianych, popraw\u0119 bilansu i bezpiecze\u0144stwa energetycznego. Turbiny wiatrowe nie zmniejszaj\u0105 zasob\u00f3w naturalnych i nie obni\u017caj\u0105 jako\u015bci \u015brodowiska naturalnego. Pozwalaj\u0105 na osi\u0105ganie korzy\u015bci ekologicznych, gospodarczych i spo\u0142ecznych. Odnawialne \u017ar\u00f3d\u0142a energii, r\u00f3wnie\u017c te korzystaj\u0105ce z wiatru wpisuj\u0105 si\u0119 w cele polityki energetycznej w zakresie ochrony \u015brodowiska i zr\u00f3wnowa\u017conego rozwoju.<\/p>\t\t\t\t\t\t<\/div>\n\t\t\t\t<\/div>\n\t\t\t\t\t<\/div>\n\t\t<\/div>\n\t\t\t\t\t\t\t<\/div>\n\t\t<\/section>\n\t\t\t\t<section class=\"elementor-section elementor-top-section elementor-element elementor-element-9dc7d47 elementor-section-boxed elementor-section-height-default elementor-section-height-default\" data-id=\"9dc7d47\" data-element_type=\"section\">\n\t\t\t\t\t\t<div class=\"elementor-container elementor-column-gap-default\">\n\t\t\t\t\t<div class=\"elementor-column elementor-col-100 elementor-top-column elementor-element elementor-element-07ef18a\" data-id=\"07ef18a\" data-element_type=\"column\">\n\t\t\t<div class=\"elementor-widget-wrap elementor-element-populated\">\n\t\t\t\t\t\t\t\t<div class=\"elementor-element elementor-element-c217d6b elementor-widget elementor-widget-text-editor\" data-id=\"c217d6b\" data-element_type=\"widget\" data-widget_type=\"text-editor.default\">\n\t\t\t\t<div class=\"elementor-widget-container\">\n\t\t\t\t\t\t\t\t\t\t\t\t\t<\/div>\n\t\t\t\t<\/div>\n\t\t\t\t\t<\/div>\n\t\t<\/div>\n\t\t\t\t\t\t\t<\/div>\n\t\t<\/section>\n\t\t\t\t\t\t<\/div>\n\t\t\t\t\t<\/div>\n\t\t","protected":false},"excerpt":{"rendered":"<p>Elektrownia wiatrowa to zesp\u00f3\u0142 urz\u0105dze\u0144 produkuj\u0105cych energi\u0119 elektryczn\u0105 wiatru za pomoc\u0105 turbin nap\u0119dzanych si\u0142\u0105 wiatru. Pr\u0105d uzyskany w ten spos\u00f3b uwa\u017cany jest za ekologiczny ze wzgl\u0119du na fakt, \u017ce jego produkcji nie towarzyszy spalanie \u017cadnego paliwa (oczywi\u015bcie pomijaj\u0105c nak\u0142ady energetyczne zwi\u0105zane z wybudowaniem takiej elektrowni). Wiatr jest w zasadzie niewyczerpanym, darmowym i szeroko dost\u0119pnym \u017ar\u00f3d\u0142em [&hellip;]<\/p>\n","protected":false},"author":1,"featured_media":0,"parent":0,"menu_order":0,"comment_status":"closed","ping_status":"closed","template":"","meta":{"_regular_price":[],"currency_symbol":[],"footnotes":""},"class_list":["post-324","page","type-page","status-publish","hentry"],"post_slider_layout_featured_media_urls":{"thumbnail":"","post_slider_layout_landscape_large":"","post_slider_layout_portrait_large":"","post_slider_layout_square_large":"","post_slider_layout_landscape":"","post_slider_layout_portrait":"","post_slider_layout_square":"","full":""},"yoast_head":"<!-- This site is optimized with the Yoast SEO plugin v17.4 - https:\/\/yoast.com\/wordpress\/plugins\/seo\/ -->\n<title>Elektrownie wiatrowe - Polska Energia Odnawialna Marcin Szlaps<\/title>\n<meta name=\"robots\" content=\"index, follow, max-snippet:-1, max-image-preview:large, max-video-preview:-1\" \/>\n<link rel=\"canonical\" href=\"https:\/\/peoms.pl\/?page_id=324\" \/>\n<meta property=\"og:locale\" content=\"en_US\" \/>\n<meta property=\"og:type\" content=\"article\" \/>\n<meta property=\"og:title\" content=\"Elektrownie wiatrowe - Polska Energia Odnawialna Marcin Szlaps\" \/>\n<meta property=\"og:description\" content=\"Elektrownia wiatrowa to zesp\u00f3\u0142 urz\u0105dze\u0144 produkuj\u0105cych energi\u0119 elektryczn\u0105 wiatru za pomoc\u0105 turbin nap\u0119dzanych si\u0142\u0105 wiatru. Pr\u0105d uzyskany w ten spos\u00f3b uwa\u017cany jest za ekologiczny ze wzgl\u0119du na fakt, \u017ce jego produkcji nie towarzyszy spalanie \u017cadnego paliwa (oczywi\u015bcie pomijaj\u0105c nak\u0142ady energetyczne zwi\u0105zane z wybudowaniem takiej elektrowni). Wiatr jest w zasadzie niewyczerpanym, darmowym i szeroko dost\u0119pnym \u017ar\u00f3d\u0142em [&hellip;]\" \/>\n<meta property=\"og:url\" content=\"https:\/\/peoms.pl\/?page_id=324\" \/>\n<meta property=\"og:site_name\" content=\"Polska Energia Odnawialna Marcin Szlaps\" \/>\n<meta property=\"article:modified_time\" content=\"2021-10-29T19:38:46+00:00\" \/>\n<meta property=\"og:image\" content=\"http:\/\/peoms.pl\/wp-content\/uploads\/2021\/10\/20190511_1753560-scaled-1-610x1024.jpg\" \/>\n<meta name=\"twitter:card\" content=\"summary_large_image\" \/>\n<meta name=\"twitter:label1\" content=\"Est. reading time\" \/>\n\t<meta name=\"twitter:data1\" content=\"1 minute\" \/>\n<script type=\"application\/ld+json\" class=\"yoast-schema-graph\">{\"@context\":\"https:\/\/schema.org\",\"@graph\":[{\"@type\":\"WebSite\",\"@id\":\"https:\/\/peoms.pl\/#website\",\"url\":\"https:\/\/peoms.pl\/\",\"name\":\"Polska Energia Odnawialna Marcin Szlaps\",\"description\":\"\",\"potentialAction\":[{\"@type\":\"SearchAction\",\"target\":{\"@type\":\"EntryPoint\",\"urlTemplate\":\"https:\/\/peoms.pl\/?s={search_term_string}\"},\"query-input\":\"required name=search_term_string\"}],\"inLanguage\":\"en-US\"},{\"@type\":\"ImageObject\",\"@id\":\"https:\/\/peoms.pl\/?page_id=324#primaryimage\",\"inLanguage\":\"en-US\",\"url\":\"http:\/\/peoms.pl\/wp-content\/uploads\/2021\/10\/20190511_1753560-scaled-1-610x1024.jpg\",\"contentUrl\":\"http:\/\/peoms.pl\/wp-content\/uploads\/2021\/10\/20190511_1753560-scaled-1-610x1024.jpg\"},{\"@type\":\"WebPage\",\"@id\":\"https:\/\/peoms.pl\/?page_id=324#webpage\",\"url\":\"https:\/\/peoms.pl\/?page_id=324\",\"name\":\"Elektrownie wiatrowe - Polska Energia Odnawialna Marcin Szlaps\",\"isPartOf\":{\"@id\":\"https:\/\/peoms.pl\/#website\"},\"primaryImageOfPage\":{\"@id\":\"https:\/\/peoms.pl\/?page_id=324#primaryimage\"},\"datePublished\":\"2021-10-29T18:50:20+00:00\",\"dateModified\":\"2021-10-29T19:38:46+00:00\",\"breadcrumb\":{\"@id\":\"https:\/\/peoms.pl\/?page_id=324#breadcrumb\"},\"inLanguage\":\"en-US\",\"potentialAction\":[{\"@type\":\"ReadAction\",\"target\":[\"https:\/\/peoms.pl\/?page_id=324\"]}]},{\"@type\":\"BreadcrumbList\",\"@id\":\"https:\/\/peoms.pl\/?page_id=324#breadcrumb\",\"itemListElement\":[{\"@type\":\"ListItem\",\"position\":1,\"name\":\"Home\",\"item\":\"https:\/\/peoms.pl\/\"},{\"@type\":\"ListItem\",\"position\":2,\"name\":\"Elektrownie wiatrowe\"}]}]}<\/script>\n<!-- \/ Yoast SEO plugin. -->","yoast_head_json":{"title":"Elektrownie wiatrowe - Polska Energia Odnawialna Marcin Szlaps","robots":{"index":"index","follow":"follow","max-snippet":"max-snippet:-1","max-image-preview":"max-image-preview:large","max-video-preview":"max-video-preview:-1"},"canonical":"https:\/\/peoms.pl\/?page_id=324","og_locale":"en_US","og_type":"article","og_title":"Elektrownie wiatrowe - Polska Energia Odnawialna Marcin Szlaps","og_description":"Elektrownia wiatrowa to zesp\u00f3\u0142 urz\u0105dze\u0144 produkuj\u0105cych energi\u0119 elektryczn\u0105 wiatru za pomoc\u0105 turbin nap\u0119dzanych si\u0142\u0105 wiatru. Pr\u0105d uzyskany w ten spos\u00f3b uwa\u017cany jest za ekologiczny ze wzgl\u0119du na fakt, \u017ce jego produkcji nie towarzyszy spalanie \u017cadnego paliwa (oczywi\u015bcie pomijaj\u0105c nak\u0142ady energetyczne zwi\u0105zane z wybudowaniem takiej elektrowni). Wiatr jest w zasadzie niewyczerpanym, darmowym i szeroko dost\u0119pnym \u017ar\u00f3d\u0142em [&hellip;]","og_url":"https:\/\/peoms.pl\/?page_id=324","og_site_name":"Polska Energia Odnawialna Marcin Szlaps","article_modified_time":"2021-10-29T19:38:46+00:00","og_image":[{"url":"http:\/\/peoms.pl\/wp-content\/uploads\/2021\/10\/20190511_1753560-scaled-1-610x1024.jpg"}],"twitter_card":"summary_large_image","twitter_misc":{"Est. reading time":"1 minute"},"schema":{"@context":"https:\/\/schema.org","@graph":[{"@type":"WebSite","@id":"https:\/\/peoms.pl\/#website","url":"https:\/\/peoms.pl\/","name":"Polska Energia Odnawialna Marcin Szlaps","description":"","potentialAction":[{"@type":"SearchAction","target":{"@type":"EntryPoint","urlTemplate":"https:\/\/peoms.pl\/?s={search_term_string}"},"query-input":"required name=search_term_string"}],"inLanguage":"en-US"},{"@type":"ImageObject","@id":"https:\/\/peoms.pl\/?page_id=324#primaryimage","inLanguage":"en-US","url":"http:\/\/peoms.pl\/wp-content\/uploads\/2021\/10\/20190511_1753560-scaled-1-610x1024.jpg","contentUrl":"http:\/\/peoms.pl\/wp-content\/uploads\/2021\/10\/20190511_1753560-scaled-1-610x1024.jpg"},{"@type":"WebPage","@id":"https:\/\/peoms.pl\/?page_id=324#webpage","url":"https:\/\/peoms.pl\/?page_id=324","name":"Elektrownie wiatrowe - Polska Energia Odnawialna Marcin Szlaps","isPartOf":{"@id":"https:\/\/peoms.pl\/#website"},"primaryImageOfPage":{"@id":"https:\/\/peoms.pl\/?page_id=324#primaryimage"},"datePublished":"2021-10-29T18:50:20+00:00","dateModified":"2021-10-29T19:38:46+00:00","breadcrumb":{"@id":"https:\/\/peoms.pl\/?page_id=324#breadcrumb"},"inLanguage":"en-US","potentialAction":[{"@type":"ReadAction","target":["https:\/\/peoms.pl\/?page_id=324"]}]},{"@type":"BreadcrumbList","@id":"https:\/\/peoms.pl\/?page_id=324#breadcrumb","itemListElement":[{"@type":"ListItem","position":1,"name":"Home","item":"https:\/\/peoms.pl\/"},{"@type":"ListItem","position":2,"name":"Elektrownie wiatrowe"}]}]}},"_links":{"self":[{"href":"https:\/\/peoms.pl\/index.php?rest_route=\/wp\/v2\/pages\/324","targetHints":{"allow":["GET"]}}],"collection":[{"href":"https:\/\/peoms.pl\/index.php?rest_route=\/wp\/v2\/pages"}],"about":[{"href":"https:\/\/peoms.pl\/index.php?rest_route=\/wp\/v2\/types\/page"}],"author":[{"embeddable":true,"href":"https:\/\/peoms.pl\/index.php?rest_route=\/wp\/v2\/users\/1"}],"replies":[{"embeddable":true,"href":"https:\/\/peoms.pl\/index.php?rest_route=%2Fwp%2Fv2%2Fcomments&post=324"}],"version-history":[{"count":10,"href":"https:\/\/peoms.pl\/index.php?rest_route=\/wp\/v2\/pages\/324\/revisions"}],"predecessor-version":[{"id":372,"href":"https:\/\/peoms.pl\/index.php?rest_route=\/wp\/v2\/pages\/324\/revisions\/372"}],"wp:attachment":[{"href":"https:\/\/peoms.pl\/index.php?rest_route=%2Fwp%2Fv2%2Fmedia&parent=324"}],"curies":[{"name":"wp","href":"https:\/\/api.w.org\/{rel}","templated":true}]}}