{"id":601,"date":"2023-07-06T15:59:25","date_gmt":"2023-07-06T13:59:25","guid":{"rendered":"https:\/\/peoms.pl\/?page_id=601"},"modified":"2026-01-27T13:48:24","modified_gmt":"2026-01-27T12:48:24","slug":"fundusze-nfosigw","status":"publish","type":"page","link":"https:\/\/peoms.pl\/?page_id=601","title":{"rendered":"FUNDUSZE UNIJNE I NFO\u015aiGW"},"content":{"rendered":"\t\t<div data-elementor-type=\"wp-page\" data-elementor-id=\"601\" class=\"elementor elementor-601\" data-elementor-settings=\"[]\">\n\t\t\t\t\t\t\t<div class=\"elementor-section-wrap\">\n\t\t\t\t\t\t\t<section class=\"elementor-section elementor-top-section elementor-element elementor-element-7cebb71 elementor-section-boxed elementor-section-height-default elementor-section-height-default\" data-id=\"7cebb71\" data-element_type=\"section\">\n\t\t\t\t\t\t<div class=\"elementor-container elementor-column-gap-default\">\n\t\t\t\t\t<div class=\"elementor-column elementor-col-100 elementor-top-column elementor-element elementor-element-eebeee1\" data-id=\"eebeee1\" data-element_type=\"column\">\n\t\t\t<div class=\"elementor-widget-wrap elementor-element-populated\">\n\t\t\t\t\t\t\t\t<div class=\"elementor-element elementor-element-1a5ba11 elementor-widget elementor-widget-text-editor\" data-id=\"1a5ba11\" data-element_type=\"widget\" data-widget_type=\"text-editor.default\">\n\t\t\t\t<div class=\"elementor-widget-container\">\n\t\t\t\t\t\t\t<p><strong><u>Budowa elektrowni fotowoltaicznej o mocy 3 MW \u00a0na dzia\u0142ce nr 146\/6 w obr\u0119bie Dolne Pole wraz z infrastruktur\u0105 towarzysz\u0105c\u0105<\/u><\/strong><\/p><p>Dofinansowanie przedsi\u0119wzi\u0119cia w formie po\u017cyczki ze \u015brodk\u00f3w NFO\u015aiGW.<\/p><p>Zakres prac:<\/p><p>Instalacja paneli fotowoltaicznych<\/p><p>Kontenerowa stacja transformatorowa<\/p><p>Rozdzielnica potrzeb w\u0142asnych instalacji<\/p><p>Przy\u0142\u0105cze elektroenergetyczne linia kablowa SN-15kV<\/p><p>Ogrodzenie, drogi dojazdowe i place manewrowe<\/p><p>Efekt ekologiczny \u2013 zmniejszenie emisji CO2: 2 2 35,00 Mg\/rok<\/p>\t\t\t\t\t\t<\/div>\n\t\t\t\t<\/div>\n\t\t\t\t\t<\/div>\n\t\t<\/div>\n\t\t\t\t\t\t\t<\/div>\n\t\t<\/section>\n\t\t\t\t<section class=\"elementor-section elementor-top-section elementor-element elementor-element-de3df25 elementor-section-boxed elementor-section-height-default elementor-section-height-default\" data-id=\"de3df25\" data-element_type=\"section\">\n\t\t\t\t\t\t<div class=\"elementor-container elementor-column-gap-default\">\n\t\t\t\t\t<div class=\"elementor-column elementor-col-100 elementor-top-column elementor-element elementor-element-73f2296\" data-id=\"73f2296\" data-element_type=\"column\">\n\t\t\t<div class=\"elementor-widget-wrap elementor-element-populated\">\n\t\t\t\t\t\t\t\t<div class=\"elementor-element elementor-element-6811a78 elementor-widget elementor-widget-image\" data-id=\"6811a78\" data-element_type=\"widget\" data-widget_type=\"image.default\">\n\t\t\t\t<div class=\"elementor-widget-container\">\n\t\t\t\t\t\t\t\t\t\t\t\t\t\t\t<img loading=\"lazy\" decoding=\"async\" width=\"640\" height=\"423\" src=\"https:\/\/peoms.pl\/wp-content\/uploads\/2023\/07\/DolnePole-1024x677.png\" class=\"attachment-large size-large\" alt=\"\" srcset=\"https:\/\/peoms.pl\/wp-content\/uploads\/2023\/07\/DolnePole-1024x677.png 1024w, https:\/\/peoms.pl\/wp-content\/uploads\/2023\/07\/DolnePole-300x198.png 300w, https:\/\/peoms.pl\/wp-content\/uploads\/2023\/07\/DolnePole-768x508.png 768w, https:\/\/peoms.pl\/wp-content\/uploads\/2023\/07\/DolnePole.png 1181w\" sizes=\"auto, (max-width: 640px) 100vw, 640px\" \/>\t\t\t\t\t\t\t\t\t\t\t\t\t\t\t<\/div>\n\t\t\t\t<\/div>\n\t\t\t\t\t<\/div>\n\t\t<\/div>\n\t\t\t\t\t\t\t<\/div>\n\t\t<\/section>\n\t\t\t\t<section class=\"elementor-section elementor-top-section elementor-element elementor-element-8d0a2d3 elementor-section-boxed elementor-section-height-default elementor-section-height-default\" data-id=\"8d0a2d3\" data-element_type=\"section\">\n\t\t\t\t\t\t<div class=\"elementor-container elementor-column-gap-default\">\n\t\t\t\t\t<div class=\"elementor-column elementor-col-100 elementor-top-column elementor-element elementor-element-5127e2d\" data-id=\"5127e2d\" data-element_type=\"column\">\n\t\t\t<div class=\"elementor-widget-wrap elementor-element-populated\">\n\t\t\t\t\t\t\t\t<div class=\"elementor-element elementor-element-211d11f elementor-widget-divider--view-line elementor-widget elementor-widget-divider\" data-id=\"211d11f\" data-element_type=\"widget\" data-widget_type=\"divider.default\">\n\t\t\t\t<div class=\"elementor-widget-container\">\n\t\t\t\t\t<div class=\"elementor-divider\">\n\t\t\t<span class=\"elementor-divider-separator\">\n\t\t\t\t\t\t<\/span>\n\t\t<\/div>\n\t\t\t\t<\/div>\n\t\t\t\t<\/div>\n\t\t\t\t\t<\/div>\n\t\t<\/div>\n\t\t\t\t\t\t\t<\/div>\n\t\t<\/section>\n\t\t\t\t<section class=\"elementor-section elementor-top-section elementor-element elementor-element-d5c9394 elementor-section-boxed elementor-section-height-default elementor-section-height-default\" data-id=\"d5c9394\" data-element_type=\"section\">\n\t\t\t\t\t\t<div class=\"elementor-container elementor-column-gap-default\">\n\t\t\t\t\t<div class=\"elementor-column elementor-col-100 elementor-top-column elementor-element elementor-element-fe234c1\" data-id=\"fe234c1\" data-element_type=\"column\">\n\t\t\t<div class=\"elementor-widget-wrap elementor-element-populated\">\n\t\t\t\t\t\t\t\t<div class=\"elementor-element elementor-element-743c00b elementor-widget elementor-widget-text-editor\" data-id=\"743c00b\" data-element_type=\"widget\" data-widget_type=\"text-editor.default\">\n\t\t\t\t<div class=\"elementor-widget-container\">\n\t\t\t\t\t\t\t<p><strong><u>Budowa elektrowni fotowoltaicznej o mocy 1MW na dzia\u0142ce 146\/12 w obr\u0119bie G\u00f3ra wraz infrastruktur\u0105 towarzysz\u0105c\u0105<\/u><\/strong><\/p><p>Dofinansowanie przedsi\u0119wzi\u0119cia w formie po\u017cyczki ze \u015brodk\u00f3w NFO\u015aiGW.<\/p><p>Zakres prac:<\/p><p>Instalacja paneli fotowoltaicznych<\/p><p>Kontenerowa stacja transformatorowa<\/p><p>Rozdzielnica potrzeb w\u0142asnych instalacji<\/p><p>Przy\u0142\u0105cze elektroenergetyczne linia kablowa SN-15kV<\/p><p>Ogrodzenie, drogi dojazdowe i place manewrowe<\/p><p>Efekt ekologiczny \u2013 zmniejszenie emisji CO2: 745 MG\/rok<\/p>\t\t\t\t\t\t<\/div>\n\t\t\t\t<\/div>\n\t\t\t\t\t<\/div>\n\t\t<\/div>\n\t\t\t\t\t\t\t<\/div>\n\t\t<\/section>\n\t\t\t\t<section class=\"elementor-section elementor-top-section elementor-element elementor-element-2cb2594 elementor-section-boxed elementor-section-height-default elementor-section-height-default\" data-id=\"2cb2594\" data-element_type=\"section\">\n\t\t\t\t\t\t<div class=\"elementor-container elementor-column-gap-default\">\n\t\t\t\t\t<div class=\"elementor-column elementor-col-100 elementor-top-column elementor-element elementor-element-a069e1f\" data-id=\"a069e1f\" data-element_type=\"column\">\n\t\t\t<div class=\"elementor-widget-wrap elementor-element-populated\">\n\t\t\t\t\t\t\t\t<div class=\"elementor-element elementor-element-9c30b82 elementor-widget elementor-widget-image\" data-id=\"9c30b82\" data-element_type=\"widget\" data-widget_type=\"image.default\">\n\t\t\t\t<div class=\"elementor-widget-container\">\n\t\t\t\t\t\t\t\t\t\t\t\t\t\t\t<img loading=\"lazy\" decoding=\"async\" width=\"640\" height=\"418\" src=\"https:\/\/peoms.pl\/wp-content\/uploads\/2023\/07\/Gora4-1024x669.png\" class=\"attachment-large size-large\" alt=\"\" srcset=\"https:\/\/peoms.pl\/wp-content\/uploads\/2023\/07\/Gora4-1024x669.png 1024w, https:\/\/peoms.pl\/wp-content\/uploads\/2023\/07\/Gora4-300x196.png 300w, https:\/\/peoms.pl\/wp-content\/uploads\/2023\/07\/Gora4-768x501.png 768w, https:\/\/peoms.pl\/wp-content\/uploads\/2023\/07\/Gora4.png 1181w\" sizes=\"auto, (max-width: 640px) 100vw, 640px\" \/>\t\t\t\t\t\t\t\t\t\t\t\t\t\t\t<\/div>\n\t\t\t\t<\/div>\n\t\t\t\t\t<\/div>\n\t\t<\/div>\n\t\t\t\t\t\t\t<\/div>\n\t\t<\/section>\n\t\t\t\t<section class=\"elementor-section elementor-top-section elementor-element elementor-element-4bc5306 elementor-section-boxed elementor-section-height-default elementor-section-height-default\" data-id=\"4bc5306\" data-element_type=\"section\">\n\t\t\t\t\t\t<div class=\"elementor-container elementor-column-gap-default\">\n\t\t\t\t\t<div class=\"elementor-column elementor-col-100 elementor-top-column elementor-element elementor-element-2016465\" data-id=\"2016465\" data-element_type=\"column\">\n\t\t\t<div class=\"elementor-widget-wrap elementor-element-populated\">\n\t\t\t\t\t\t\t\t<div class=\"elementor-element elementor-element-8912fbc elementor-widget-divider--view-line elementor-widget elementor-widget-divider\" data-id=\"8912fbc\" data-element_type=\"widget\" data-widget_type=\"divider.default\">\n\t\t\t\t<div class=\"elementor-widget-container\">\n\t\t\t\t\t<div class=\"elementor-divider\">\n\t\t\t<span class=\"elementor-divider-separator\">\n\t\t\t\t\t\t<\/span>\n\t\t<\/div>\n\t\t\t\t<\/div>\n\t\t\t\t<\/div>\n\t\t\t\t\t<\/div>\n\t\t<\/div>\n\t\t\t\t\t\t\t<\/div>\n\t\t<\/section>\n\t\t\t\t<section class=\"elementor-section elementor-top-section elementor-element elementor-element-6f70f58 elementor-section-boxed elementor-section-height-default elementor-section-height-default\" data-id=\"6f70f58\" data-element_type=\"section\">\n\t\t\t\t\t\t<div class=\"elementor-container elementor-column-gap-default\">\n\t\t\t\t\t<div class=\"elementor-column elementor-col-100 elementor-top-column elementor-element elementor-element-2adb1f9\" data-id=\"2adb1f9\" data-element_type=\"column\">\n\t\t\t<div class=\"elementor-widget-wrap elementor-element-populated\">\n\t\t\t\t\t\t\t\t<div class=\"elementor-element elementor-element-a492a7c elementor-widget elementor-widget-text-editor\" data-id=\"a492a7c\" data-element_type=\"widget\" data-widget_type=\"text-editor.default\">\n\t\t\t\t<div class=\"elementor-widget-container\">\n\t\t\t\t\t\t\t<p><strong>B<u>udowa elektrowni Fotowoltaicznej o mocy 3 MW na dzia\u0142kach nr 146\/14, 147 w obr\u0119bie G\u00f3ra wraz z infrastruktur\u0105 towarzysz\u0105c\u0105<\/u><\/strong><\/p><p>Dofinansowanie przedsi\u0119wzi\u0119cia w formie po\u017cyczki ze \u015brodk\u00f3w NFO\u015aiGW.<\/p><p>Zakres prac:<\/p><p>Instalacja paneli fotowoltaicznych<\/p><p>Kontenerowa stacja transformatorowa<\/p><p>Rozdzielnica potrzeb w\u0142asnych instalacji<\/p><p>Przy\u0142\u0105cze elektroenergetyczne linia kablowa SN-15kV<\/p><p>Ogrodzenie, drogi dojazdowe i place manewrowe<\/p><p>Efekt ekologiczny \u2013 zmniejszenie emisji CO2: 2\u00a0235,00 Mg\/rok<\/p>\t\t\t\t\t\t<\/div>\n\t\t\t\t<\/div>\n\t\t\t\t\t<\/div>\n\t\t<\/div>\n\t\t\t\t\t\t\t<\/div>\n\t\t<\/section>\n\t\t\t\t<section class=\"elementor-section elementor-top-section elementor-element elementor-element-7b40b3e elementor-section-boxed elementor-section-height-default elementor-section-height-default\" data-id=\"7b40b3e\" data-element_type=\"section\">\n\t\t\t\t\t\t<div class=\"elementor-container elementor-column-gap-default\">\n\t\t\t\t\t<div class=\"elementor-column elementor-col-100 elementor-top-column elementor-element elementor-element-253cb9f\" data-id=\"253cb9f\" data-element_type=\"column\">\n\t\t\t<div class=\"elementor-widget-wrap elementor-element-populated\">\n\t\t\t\t\t\t\t\t<div class=\"elementor-element elementor-element-0c70b6a elementor-widget elementor-widget-image\" data-id=\"0c70b6a\" data-element_type=\"widget\" data-widget_type=\"image.default\">\n\t\t\t\t<div class=\"elementor-widget-container\">\n\t\t\t\t\t\t\t\t\t\t\t\t\t\t\t<img loading=\"lazy\" decoding=\"async\" width=\"640\" height=\"396\" src=\"https:\/\/peoms.pl\/wp-content\/uploads\/2023\/07\/Gora3-1024x634.png\" class=\"attachment-large size-large\" alt=\"\" srcset=\"https:\/\/peoms.pl\/wp-content\/uploads\/2023\/07\/Gora3-1024x634.png 1024w, https:\/\/peoms.pl\/wp-content\/uploads\/2023\/07\/Gora3-300x186.png 300w, https:\/\/peoms.pl\/wp-content\/uploads\/2023\/07\/Gora3-768x476.png 768w, https:\/\/peoms.pl\/wp-content\/uploads\/2023\/07\/Gora3.png 1217w\" sizes=\"auto, (max-width: 640px) 100vw, 640px\" \/>\t\t\t\t\t\t\t\t\t\t\t\t\t\t\t<\/div>\n\t\t\t\t<\/div>\n\t\t\t\t\t<\/div>\n\t\t<\/div>\n\t\t\t\t\t\t\t<\/div>\n\t\t<\/section>\n\t\t\t\t<section class=\"elementor-section elementor-top-section elementor-element elementor-element-d4541f8 elementor-section-boxed elementor-section-height-default elementor-section-height-default\" data-id=\"d4541f8\" data-element_type=\"section\">\n\t\t\t\t\t\t<div class=\"elementor-container elementor-column-gap-default\">\n\t\t\t\t\t<div class=\"elementor-column elementor-col-100 elementor-top-column elementor-element elementor-element-19bf241\" data-id=\"19bf241\" data-element_type=\"column\">\n\t\t\t<div class=\"elementor-widget-wrap elementor-element-populated\">\n\t\t\t\t\t\t\t\t<div class=\"elementor-element elementor-element-b163d6f elementor-widget elementor-widget-image\" data-id=\"b163d6f\" data-element_type=\"widget\" data-widget_type=\"image.default\">\n\t\t\t\t<div class=\"elementor-widget-container\">\n\t\t\t\t\t\t\t\t\t\t\t\t\t\t\t<img loading=\"lazy\" decoding=\"async\" width=\"640\" height=\"171\" src=\"https:\/\/peoms.pl\/wp-content\/uploads\/2026\/01\/wspolfinansowanie-1024x274.jpg\" class=\"attachment-large size-large\" alt=\"\" srcset=\"https:\/\/peoms.pl\/wp-content\/uploads\/2026\/01\/wspolfinansowanie-1024x274.jpg 1024w, https:\/\/peoms.pl\/wp-content\/uploads\/2026\/01\/wspolfinansowanie-300x80.jpg 300w, https:\/\/peoms.pl\/wp-content\/uploads\/2026\/01\/wspolfinansowanie-768x205.jpg 768w, https:\/\/peoms.pl\/wp-content\/uploads\/2026\/01\/wspolfinansowanie.jpg 1216w\" sizes=\"auto, (max-width: 640px) 100vw, 640px\" \/>\t\t\t\t\t\t\t\t\t\t\t\t\t\t\t<\/div>\n\t\t\t\t<\/div>\n\t\t\t\t\t<\/div>\n\t\t<\/div>\n\t\t\t\t\t\t\t<\/div>\n\t\t<\/section>\n\t\t\t\t<section class=\"elementor-section elementor-top-section elementor-element elementor-element-e6cc7e4 elementor-section-boxed elementor-section-height-default elementor-section-height-default\" data-id=\"e6cc7e4\" data-element_type=\"section\">\n\t\t\t\t\t\t<div class=\"elementor-container elementor-column-gap-default\">\n\t\t\t\t\t<div class=\"elementor-column elementor-col-50 elementor-top-column elementor-element elementor-element-911fb81\" data-id=\"911fb81\" data-element_type=\"column\">\n\t\t\t<div class=\"elementor-widget-wrap elementor-element-populated\">\n\t\t\t\t\t\t\t\t<div class=\"elementor-element elementor-element-5d35f6f elementor-widget elementor-widget-text-editor\" data-id=\"5d35f6f\" data-element_type=\"widget\" data-widget_type=\"text-editor.default\">\n\t\t\t\t<div class=\"elementor-widget-container\">\n\t\t\t\t\t\t\t<p><b>Projekt<\/b>: Budowa magazynu energii G\u00f3ra III<br><b>Beneficjent<\/b>: Polska Energia Odnawialna Marcin Szlaps<br><b>Cel projektu<\/b>: Budowa elektrochemicznego systemu magazynowania energii w G\u00f3rze<br><b>Efekty projektu<\/b>: zmniejszenie emisji gaz\u00f3w cieplarnianych <br><br><\/p>\t\t\t\t\t\t<\/div>\n\t\t\t\t<\/div>\n\t\t\t\t\t<\/div>\n\t\t<\/div>\n\t\t\t\t<div class=\"elementor-column elementor-col-50 elementor-top-column elementor-element elementor-element-b723e18\" data-id=\"b723e18\" data-element_type=\"column\">\n\t\t\t<div class=\"elementor-widget-wrap elementor-element-populated\">\n\t\t\t\t\t\t\t\t<div class=\"elementor-element elementor-element-e2eb261 elementor-widget elementor-widget-image\" data-id=\"e2eb261\" data-element_type=\"widget\" data-widget_type=\"image.default\">\n\t\t\t\t<div class=\"elementor-widget-container\">\n\t\t\t\t\t\t\t\t\t\t\t\t\t\t\t<img loading=\"lazy\" decoding=\"async\" width=\"640\" height=\"493\" src=\"https:\/\/peoms.pl\/wp-content\/uploads\/2026\/01\/ME-Gora-III-1024x789.png\" class=\"attachment-large size-large\" alt=\"\" srcset=\"https:\/\/peoms.pl\/wp-content\/uploads\/2026\/01\/ME-Gora-III-1024x789.png 1024w, https:\/\/peoms.pl\/wp-content\/uploads\/2026\/01\/ME-Gora-III-300x231.png 300w, https:\/\/peoms.pl\/wp-content\/uploads\/2026\/01\/ME-Gora-III-768x592.png 768w, https:\/\/peoms.pl\/wp-content\/uploads\/2026\/01\/ME-Gora-III.png 1336w\" sizes=\"auto, (max-width: 640px) 100vw, 640px\" \/>\t\t\t\t\t\t\t\t\t\t\t\t\t\t\t<\/div>\n\t\t\t\t<\/div>\n\t\t\t\t\t<\/div>\n\t\t<\/div>\n\t\t\t\t\t\t\t<\/div>\n\t\t<\/section>\n\t\t\t\t<section class=\"elementor-section elementor-top-section elementor-element elementor-element-b271677 elementor-section-boxed elementor-section-height-default elementor-section-height-default\" data-id=\"b271677\" data-element_type=\"section\">\n\t\t\t\t\t\t<div class=\"elementor-container elementor-column-gap-default\">\n\t\t\t\t\t<div class=\"elementor-column elementor-col-50 elementor-top-column elementor-element elementor-element-4b94928\" data-id=\"4b94928\" data-element_type=\"column\">\n\t\t\t<div class=\"elementor-widget-wrap elementor-element-populated\">\n\t\t\t\t\t\t\t\t<div class=\"elementor-element elementor-element-d4a9fe5 elementor-widget elementor-widget-text-editor\" data-id=\"d4a9fe5\" data-element_type=\"widget\" data-widget_type=\"text-editor.default\">\n\t\t\t\t<div class=\"elementor-widget-container\">\n\t\t\t\t\t\t\t<p><strong>Projekt:<\/strong>\u00a0Budowa magazynu energii Dolne Pole<\/p><p><strong>Beneficjent:<\/strong><strong>\u00a0<\/strong>Polska Energia Odnawialna Marcin Szlaps<\/p><p><strong>Cel projektu:<\/strong>\u00a0Budowa elektrochemicznego systemu magazynowania energii w Dolnym Polu<\/p><p><strong>Efekty projektu:<\/strong>\u00a0zmniejszenie emisji gaz\u00f3w cieplarnianych<\/p><p>\u00a0<\/p>\t\t\t\t\t\t<\/div>\n\t\t\t\t<\/div>\n\t\t\t\t\t<\/div>\n\t\t<\/div>\n\t\t\t\t<div class=\"elementor-column elementor-col-50 elementor-top-column elementor-element elementor-element-67479df\" data-id=\"67479df\" data-element_type=\"column\">\n\t\t\t<div class=\"elementor-widget-wrap elementor-element-populated\">\n\t\t\t\t\t\t\t\t<div class=\"elementor-element elementor-element-3e80511 elementor-widget elementor-widget-image\" data-id=\"3e80511\" data-element_type=\"widget\" data-widget_type=\"image.default\">\n\t\t\t\t<div class=\"elementor-widget-container\">\n\t\t\t\t\t\t\t\t\t\t\t\t\t\t\t<img loading=\"lazy\" decoding=\"async\" width=\"640\" height=\"496\" src=\"https:\/\/peoms.pl\/wp-content\/uploads\/2026\/01\/ME-Dolne-Pole-1024x793.png\" class=\"attachment-large size-large\" alt=\"\" srcset=\"https:\/\/peoms.pl\/wp-content\/uploads\/2026\/01\/ME-Dolne-Pole-1024x793.png 1024w, https:\/\/peoms.pl\/wp-content\/uploads\/2026\/01\/ME-Dolne-Pole-300x232.png 300w, https:\/\/peoms.pl\/wp-content\/uploads\/2026\/01\/ME-Dolne-Pole-768x595.png 768w, https:\/\/peoms.pl\/wp-content\/uploads\/2026\/01\/ME-Dolne-Pole.png 1316w\" sizes=\"auto, (max-width: 640px) 100vw, 640px\" \/>\t\t\t\t\t\t\t\t\t\t\t\t\t\t\t<\/div>\n\t\t\t\t<\/div>\n\t\t\t\t\t<\/div>\n\t\t<\/div>\n\t\t\t\t\t\t\t<\/div>\n\t\t<\/section>\n\t\t\t\t\t\t<\/div>\n\t\t\t\t\t<\/div>\n\t\t","protected":false},"excerpt":{"rendered":"<p>Budowa elektrowni fotowoltaicznej o mocy 3 MW \u00a0na dzia\u0142ce nr 146\/6 w obr\u0119bie Dolne Pole wraz z infrastruktur\u0105 towarzysz\u0105c\u0105 Dofinansowanie przedsi\u0119wzi\u0119cia w formie po\u017cyczki ze \u015brodk\u00f3w NFO\u015aiGW. Zakres prac: Instalacja paneli fotowoltaicznych Kontenerowa stacja transformatorowa Rozdzielnica potrzeb w\u0142asnych instalacji Przy\u0142\u0105cze elektroenergetyczne linia kablowa SN-15kV Ogrodzenie, drogi dojazdowe i place manewrowe Efekt ekologiczny \u2013 zmniejszenie emisji [&hellip;]<\/p>\n","protected":false},"author":1,"featured_media":0,"parent":0,"menu_order":0,"comment_status":"closed","ping_status":"closed","template":"","meta":{"_regular_price":[],"currency_symbol":[],"footnotes":""},"class_list":["post-601","page","type-page","status-publish","hentry"],"post_slider_layout_featured_media_urls":{"thumbnail":"","post_slider_layout_landscape_large":"","post_slider_layout_portrait_large":"","post_slider_layout_square_large":"","post_slider_layout_landscape":"","post_slider_layout_portrait":"","post_slider_layout_square":"","full":""},"yoast_head":"<!-- This site is optimized with the Yoast SEO plugin v17.4 - https:\/\/yoast.com\/wordpress\/plugins\/seo\/ -->\n<title>FUNDUSZE UNIJNE I NFO\u015aiGW - Polska Energia Odnawialna Marcin Szlaps<\/title>\n<meta name=\"robots\" content=\"index, follow, max-snippet:-1, max-image-preview:large, max-video-preview:-1\" \/>\n<link rel=\"canonical\" href=\"https:\/\/peoms.pl\/?page_id=601\" \/>\n<meta property=\"og:locale\" content=\"en_US\" \/>\n<meta property=\"og:type\" content=\"article\" \/>\n<meta property=\"og:title\" content=\"FUNDUSZE UNIJNE I NFO\u015aiGW - Polska Energia Odnawialna Marcin Szlaps\" \/>\n<meta property=\"og:description\" content=\"Budowa elektrowni fotowoltaicznej o mocy 3 MW \u00a0na dzia\u0142ce nr 146\/6 w obr\u0119bie Dolne Pole wraz z infrastruktur\u0105 towarzysz\u0105c\u0105 Dofinansowanie przedsi\u0119wzi\u0119cia w formie po\u017cyczki ze \u015brodk\u00f3w NFO\u015aiGW. Zakres prac: Instalacja paneli fotowoltaicznych Kontenerowa stacja transformatorowa Rozdzielnica potrzeb w\u0142asnych instalacji Przy\u0142\u0105cze elektroenergetyczne linia kablowa SN-15kV Ogrodzenie, drogi dojazdowe i place manewrowe Efekt ekologiczny \u2013 zmniejszenie emisji [&hellip;]\" \/>\n<meta property=\"og:url\" content=\"https:\/\/peoms.pl\/?page_id=601\" \/>\n<meta property=\"og:site_name\" content=\"Polska Energia Odnawialna Marcin Szlaps\" \/>\n<meta property=\"article:modified_time\" content=\"2026-01-27T12:48:24+00:00\" \/>\n<meta property=\"og:image\" content=\"https:\/\/peoms.pl\/wp-content\/uploads\/2023\/07\/DolnePole-1024x677.png\" \/>\n<meta name=\"twitter:card\" content=\"summary_large_image\" \/>\n<meta name=\"twitter:label1\" content=\"Est. reading time\" \/>\n\t<meta name=\"twitter:data1\" content=\"1 minute\" \/>\n<script type=\"application\/ld+json\" class=\"yoast-schema-graph\">{\"@context\":\"https:\/\/schema.org\",\"@graph\":[{\"@type\":\"WebSite\",\"@id\":\"https:\/\/peoms.pl\/#website\",\"url\":\"https:\/\/peoms.pl\/\",\"name\":\"Polska Energia Odnawialna Marcin Szlaps\",\"description\":\"\",\"potentialAction\":[{\"@type\":\"SearchAction\",\"target\":{\"@type\":\"EntryPoint\",\"urlTemplate\":\"https:\/\/peoms.pl\/?s={search_term_string}\"},\"query-input\":\"required name=search_term_string\"}],\"inLanguage\":\"en-US\"},{\"@type\":\"ImageObject\",\"@id\":\"https:\/\/peoms.pl\/?page_id=601#primaryimage\",\"inLanguage\":\"en-US\",\"url\":\"https:\/\/peoms.pl\/wp-content\/uploads\/2023\/07\/DolnePole.png\",\"contentUrl\":\"https:\/\/peoms.pl\/wp-content\/uploads\/2023\/07\/DolnePole.png\",\"width\":1181,\"height\":781},{\"@type\":\"WebPage\",\"@id\":\"https:\/\/peoms.pl\/?page_id=601#webpage\",\"url\":\"https:\/\/peoms.pl\/?page_id=601\",\"name\":\"FUNDUSZE UNIJNE I NFO\\u015aiGW - Polska Energia Odnawialna Marcin Szlaps\",\"isPartOf\":{\"@id\":\"https:\/\/peoms.pl\/#website\"},\"primaryImageOfPage\":{\"@id\":\"https:\/\/peoms.pl\/?page_id=601#primaryimage\"},\"datePublished\":\"2023-07-06T13:59:25+00:00\",\"dateModified\":\"2026-01-27T12:48:24+00:00\",\"breadcrumb\":{\"@id\":\"https:\/\/peoms.pl\/?page_id=601#breadcrumb\"},\"inLanguage\":\"en-US\",\"potentialAction\":[{\"@type\":\"ReadAction\",\"target\":[\"https:\/\/peoms.pl\/?page_id=601\"]}]},{\"@type\":\"BreadcrumbList\",\"@id\":\"https:\/\/peoms.pl\/?page_id=601#breadcrumb\",\"itemListElement\":[{\"@type\":\"ListItem\",\"position\":1,\"name\":\"Home\",\"item\":\"https:\/\/peoms.pl\/\"},{\"@type\":\"ListItem\",\"position\":2,\"name\":\"FUNDUSZE UNIJNE I NFO\\u015aiGW\"}]}]}<\/script>\n<!-- \/ Yoast SEO plugin. -->","yoast_head_json":{"title":"FUNDUSZE UNIJNE I NFO\u015aiGW - Polska Energia Odnawialna Marcin Szlaps","robots":{"index":"index","follow":"follow","max-snippet":"max-snippet:-1","max-image-preview":"max-image-preview:large","max-video-preview":"max-video-preview:-1"},"canonical":"https:\/\/peoms.pl\/?page_id=601","og_locale":"en_US","og_type":"article","og_title":"FUNDUSZE UNIJNE I NFO\u015aiGW - Polska Energia Odnawialna Marcin Szlaps","og_description":"Budowa elektrowni fotowoltaicznej o mocy 3 MW \u00a0na dzia\u0142ce nr 146\/6 w obr\u0119bie Dolne Pole wraz z infrastruktur\u0105 towarzysz\u0105c\u0105 Dofinansowanie przedsi\u0119wzi\u0119cia w formie po\u017cyczki ze \u015brodk\u00f3w NFO\u015aiGW. Zakres prac: Instalacja paneli fotowoltaicznych Kontenerowa stacja transformatorowa Rozdzielnica potrzeb w\u0142asnych instalacji Przy\u0142\u0105cze elektroenergetyczne linia kablowa SN-15kV Ogrodzenie, drogi dojazdowe i place manewrowe Efekt ekologiczny \u2013 zmniejszenie emisji [&hellip;]","og_url":"https:\/\/peoms.pl\/?page_id=601","og_site_name":"Polska Energia Odnawialna Marcin Szlaps","article_modified_time":"2026-01-27T12:48:24+00:00","og_image":[{"url":"https:\/\/peoms.pl\/wp-content\/uploads\/2023\/07\/DolnePole-1024x677.png"}],"twitter_card":"summary_large_image","twitter_misc":{"Est. reading time":"1 minute"},"schema":{"@context":"https:\/\/schema.org","@graph":[{"@type":"WebSite","@id":"https:\/\/peoms.pl\/#website","url":"https:\/\/peoms.pl\/","name":"Polska Energia Odnawialna Marcin Szlaps","description":"","potentialAction":[{"@type":"SearchAction","target":{"@type":"EntryPoint","urlTemplate":"https:\/\/peoms.pl\/?s={search_term_string}"},"query-input":"required name=search_term_string"}],"inLanguage":"en-US"},{"@type":"ImageObject","@id":"https:\/\/peoms.pl\/?page_id=601#primaryimage","inLanguage":"en-US","url":"https:\/\/peoms.pl\/wp-content\/uploads\/2023\/07\/DolnePole.png","contentUrl":"https:\/\/peoms.pl\/wp-content\/uploads\/2023\/07\/DolnePole.png","width":1181,"height":781},{"@type":"WebPage","@id":"https:\/\/peoms.pl\/?page_id=601#webpage","url":"https:\/\/peoms.pl\/?page_id=601","name":"FUNDUSZE UNIJNE I NFO\u015aiGW - Polska Energia Odnawialna Marcin Szlaps","isPartOf":{"@id":"https:\/\/peoms.pl\/#website"},"primaryImageOfPage":{"@id":"https:\/\/peoms.pl\/?page_id=601#primaryimage"},"datePublished":"2023-07-06T13:59:25+00:00","dateModified":"2026-01-27T12:48:24+00:00","breadcrumb":{"@id":"https:\/\/peoms.pl\/?page_id=601#breadcrumb"},"inLanguage":"en-US","potentialAction":[{"@type":"ReadAction","target":["https:\/\/peoms.pl\/?page_id=601"]}]},{"@type":"BreadcrumbList","@id":"https:\/\/peoms.pl\/?page_id=601#breadcrumb","itemListElement":[{"@type":"ListItem","position":1,"name":"Home","item":"https:\/\/peoms.pl\/"},{"@type":"ListItem","position":2,"name":"FUNDUSZE UNIJNE I NFO\u015aiGW"}]}]}},"_links":{"self":[{"href":"https:\/\/peoms.pl\/index.php?rest_route=\/wp\/v2\/pages\/601","targetHints":{"allow":["GET"]}}],"collection":[{"href":"https:\/\/peoms.pl\/index.php?rest_route=\/wp\/v2\/pages"}],"about":[{"href":"https:\/\/peoms.pl\/index.php?rest_route=\/wp\/v2\/types\/page"}],"author":[{"embeddable":true,"href":"https:\/\/peoms.pl\/index.php?rest_route=\/wp\/v2\/users\/1"}],"replies":[{"embeddable":true,"href":"https:\/\/peoms.pl\/index.php?rest_route=%2Fwp%2Fv2%2Fcomments&post=601"}],"version-history":[{"count":17,"href":"https:\/\/peoms.pl\/index.php?rest_route=\/wp\/v2\/pages\/601\/revisions"}],"predecessor-version":[{"id":650,"href":"https:\/\/peoms.pl\/index.php?rest_route=\/wp\/v2\/pages\/601\/revisions\/650"}],"wp:attachment":[{"href":"https:\/\/peoms.pl\/index.php?rest_route=%2Fwp%2Fv2%2Fmedia&parent=601"}],"curies":[{"name":"wp","href":"https:\/\/api.w.org\/{rel}","templated":true}]}}