{"id":652,"date":"2026-02-27T22:26:38","date_gmt":"2026-02-27T21:26:38","guid":{"rendered":"https:\/\/peoms.pl\/?page_id=652"},"modified":"2026-03-23T14:26:39","modified_gmt":"2026-03-23T13:26:39","slug":"przetarg","status":"publish","type":"page","link":"https:\/\/peoms.pl\/?page_id=652","title":{"rendered":"Aktualne przetargi"},"content":{"rendered":"\t\t<div data-elementor-type=\"wp-page\" data-elementor-id=\"652\" class=\"elementor elementor-652\" data-elementor-settings=\"[]\">\n\t\t\t\t\t\t\t<div class=\"elementor-section-wrap\">\n\t\t\t\t\t\t\t<section class=\"elementor-section elementor-top-section elementor-element elementor-element-24114d6 elementor-section-boxed elementor-section-height-default elementor-section-height-default\" data-id=\"24114d6\" data-element_type=\"section\">\n\t\t\t\t\t\t<div class=\"elementor-container elementor-column-gap-default\">\n\t\t\t\t\t<div class=\"elementor-column elementor-col-100 elementor-top-column elementor-element elementor-element-79e6315\" data-id=\"79e6315\" data-element_type=\"column\">\n\t\t\t<div class=\"elementor-widget-wrap elementor-element-populated\">\n\t\t\t\t\t\t\t\t<div class=\"elementor-element elementor-element-a6e709f elementor-widget elementor-widget-text-editor\" data-id=\"a6e709f\" data-element_type=\"widget\" data-widget_type=\"text-editor.default\">\n\t\t\t\t<div class=\"elementor-widget-container\">\n\t\t\t\t\t\t\t<p>Przetarg: <strong>PKC-01\/26\/MS(ME\/GIII)<\/strong><\/p>\t\t\t\t\t\t<\/div>\n\t\t\t\t<\/div>\n\t\t\t\t\t<\/div>\n\t\t<\/div>\n\t\t\t\t\t\t\t<\/div>\n\t\t<\/section>\n\t\t\t\t<section class=\"elementor-section elementor-top-section elementor-element elementor-element-9c511ad elementor-section-boxed elementor-section-height-default elementor-section-height-default\" data-id=\"9c511ad\" data-element_type=\"section\">\n\t\t\t\t\t\t<div class=\"elementor-container elementor-column-gap-default\">\n\t\t\t\t\t<div class=\"elementor-column elementor-col-100 elementor-top-column elementor-element elementor-element-114b4d9\" data-id=\"114b4d9\" data-element_type=\"column\">\n\t\t\t<div class=\"elementor-widget-wrap elementor-element-populated\">\n\t\t\t\t\t\t\t\t<div class=\"elementor-element elementor-element-0c55970 elementor-widget elementor-widget-image\" data-id=\"0c55970\" data-element_type=\"widget\" data-widget_type=\"image.default\">\n\t\t\t\t<div class=\"elementor-widget-container\">\n\t\t\t\t\t\t\t\t\t\t\t\t\t\t\t<img loading=\"lazy\" decoding=\"async\" width=\"640\" height=\"114\" src=\"https:\/\/peoms.pl\/wp-content\/uploads\/2026\/02\/nfoseu.png\" class=\"attachment-large size-large\" alt=\"\" srcset=\"https:\/\/peoms.pl\/wp-content\/uploads\/2026\/02\/nfoseu.png 819w, https:\/\/peoms.pl\/wp-content\/uploads\/2026\/02\/nfoseu-300x53.png 300w, https:\/\/peoms.pl\/wp-content\/uploads\/2026\/02\/nfoseu-768x137.png 768w\" sizes=\"auto, (max-width: 640px) 100vw, 640px\" \/>\t\t\t\t\t\t\t\t\t\t\t\t\t\t\t<\/div>\n\t\t\t\t<\/div>\n\t\t\t\t\t<\/div>\n\t\t<\/div>\n\t\t\t\t\t\t\t<\/div>\n\t\t<\/section>\n\t\t\t\t<section class=\"elementor-section elementor-top-section elementor-element elementor-element-76a2a221 elementor-section-boxed elementor-section-height-default elementor-section-height-default\" data-id=\"76a2a221\" data-element_type=\"section\">\n\t\t\t\t\t\t<div class=\"elementor-container elementor-column-gap-default\">\n\t\t\t\t\t<div class=\"elementor-column elementor-col-100 elementor-top-column elementor-element elementor-element-5f80838a\" data-id=\"5f80838a\" data-element_type=\"column\">\n\t\t\t<div class=\"elementor-widget-wrap elementor-element-populated\">\n\t\t\t\t\t\t\t\t<div class=\"elementor-element elementor-element-62e36ad3 elementor-widget elementor-widget-text-editor\" data-id=\"62e36ad3\" data-element_type=\"widget\" data-widget_type=\"text-editor.default\">\n\t\t\t\t<div class=\"elementor-widget-container\">\n\t\t\t\t\t\t\t<p>\u00a0<\/p><p><strong>TRYB PROWADZINEGO POST\u0118POWANIA:<\/strong><\/p><p>Post\u0119powanie o udzielenie zam\u00f3wienia prowadzone jest w trybie przetarg, o kt\u00f3rym mowa <br \/>w art.\u00a0<span style=\"font-family: Aptos; font-size: 12pt;\">70<\/span><sup style=\"font-family: Aptos;\">1<\/sup>\u2013<span style=\"font-family: Aptos; font-size: 12pt;\">70<\/span><sup style=\"font-family: Aptos;\">5<\/sup>\u00a0ustawy z dnia 23 kwietnia 1964 r. \u2013 Kodeks cywilny (t.j. Dz.U. z 2025 r. poz. 1071, ze zm., dalej jako \u201eKC\u201d) na zasadach okre\u015blonych w Procedurze zawierania um\u00f3w w ramach inwestycji pn. \u201eBudowa magazynu energii G\u00f3ra III\u201d dofinansowywanej w formie dotacji w ramach programu priorytetowego nr 1.15 \u201eTransformacja energetyczna Magazyny energii elektrycznej i zwi\u0105zana z nimi infrastruktura dla poprawy stabilno\u015bci polskiej sieci elektroenergetycznej\u201d, oznaczonej symbolem P-01\/26\/MS(ME) (dalej jako \u201eProcedura\u201d).<\/p><p>Nazwa Programu: Program priorytetowy nr 1.15 \u201eTransformacja energetyczna Magazyny energii elektrycznej i\u00a0zwi\u0105zana z nimi infrastruktura dla poprawy stabilno\u015bci polskiej sieci elektroenergetycznej\u201d<\/p><p>Nazwa inwestycji: \u201eBudowa magazynu energii G\u00f3ra III\u201d<\/p><p>Nazwa zadania: \u201eBudowa magazynu energii elektrycznej wraz z niezb\u0119dn\u0105 infrastruktur\u0105 G\u00f3ra III\u201d<\/p><p>RODZAJ ZAM\u00d3WIENIA: DOSTAWA<\/p><p><strong>Numer sprawy\u00a0nadany przez Zamawiaj\u0105cego<\/strong>:\u00a0<strong>PKC-01\/26\/MS(ME\/GIII)<\/strong><\/p>\t\t\t\t\t\t<\/div>\n\t\t\t\t<\/div>\n\t\t\t\t\t<\/div>\n\t\t<\/div>\n\t\t\t\t\t\t\t<\/div>\n\t\t<\/section>\n\t\t\t\t<section class=\"elementor-section elementor-top-section elementor-element elementor-element-0b3e532 elementor-section-boxed elementor-section-height-default elementor-section-height-default\" data-id=\"0b3e532\" data-element_type=\"section\">\n\t\t\t\t\t\t<div class=\"elementor-container elementor-column-gap-default\">\n\t\t\t\t\t<div class=\"elementor-column elementor-col-100 elementor-top-column elementor-element elementor-element-84fb1b3\" data-id=\"84fb1b3\" data-element_type=\"column\">\n\t\t\t<div class=\"elementor-widget-wrap elementor-element-populated\">\n\t\t\t\t\t\t\t\t<div class=\"elementor-element elementor-element-b6a3ce7 elementor-widget elementor-widget-button\" data-id=\"b6a3ce7\" data-element_type=\"widget\" data-widget_type=\"button.default\">\n\t\t\t\t<div class=\"elementor-widget-container\">\n\t\t\t\t\t<div class=\"elementor-button-wrapper\">\n\t\t\t<a href=\"https:\/\/peoms.pl\/wp-content\/uploads\/2026\/03\/0-F-04-Ogloszenie-o-Przetargu-PKC_01_26_MSME_GIII.pdf\" class=\"elementor-button-link elementor-button elementor-size-sm\" role=\"button\">\n\t\t\t\t\t\t<span class=\"elementor-button-content-wrapper\">\n\t\t\t\t\t\t<span class=\"elementor-button-text\">(0) F 04 Og\u0142oszenie o Przetargu (PKC_01_26_MS(ME_GIII))<\/span>\n\t\t<\/span>\n\t\t\t\t\t<\/a>\n\t\t<\/div>\n\t\t\t\t<\/div>\n\t\t\t\t<\/div>\n\t\t\t\t<div class=\"elementor-element elementor-element-e2a8ced elementor-widget elementor-widget-button\" data-id=\"e2a8ced\" data-element_type=\"widget\" data-widget_type=\"button.default\">\n\t\t\t\t<div class=\"elementor-widget-container\">\n\t\t\t\t\t<div class=\"elementor-button-wrapper\">\n\t\t\t<a href=\"https:\/\/peoms.pl\/wp-content\/uploads\/2026\/03\/1-Specyfikacja-Warunkow-Zamowienia-SWZ-PKC_01_26_MSME_GIII.pdf\" class=\"elementor-button-link elementor-button elementor-size-sm\" role=\"button\">\n\t\t\t\t\t\t<span class=\"elementor-button-content-wrapper\">\n\t\t\t\t\t\t<span class=\"elementor-button-text\">(1) Specyfikacja Warunko\u0301w Zamo\u0301wienia (SWZ) (PKC_01_26_MS(ME_GIII))<\/span>\n\t\t<\/span>\n\t\t\t\t\t<\/a>\n\t\t<\/div>\n\t\t\t\t<\/div>\n\t\t\t\t<\/div>\n\t\t\t\t<div class=\"elementor-element elementor-element-cbfcdee elementor-widget elementor-widget-button\" data-id=\"cbfcdee\" data-element_type=\"widget\" data-widget_type=\"button.default\">\n\t\t\t\t<div class=\"elementor-widget-container\">\n\t\t\t\t\t<div class=\"elementor-button-wrapper\">\n\t\t\t<a href=\"https:\/\/peoms.pl\/wp-content\/uploads\/2026\/03\/2_zalacznik_nr_1_do_SWZ_Procedura_P_01_26_MSME.zip\" class=\"elementor-button-link elementor-button elementor-size-sm\" role=\"button\">\n\t\t\t\t\t\t<span class=\"elementor-button-content-wrapper\">\n\t\t\t\t\t\t<span class=\"elementor-button-text\">(2)_za\u0142acznik_nr_1_do_SWZ_Procedura_(P_01_26_MS(ME))<\/span>\n\t\t<\/span>\n\t\t\t\t\t<\/a>\n\t\t<\/div>\n\t\t\t\t<\/div>\n\t\t\t\t<\/div>\n\t\t\t\t<div class=\"elementor-element elementor-element-437fa47 elementor-widget elementor-widget-button\" data-id=\"437fa47\" data-element_type=\"widget\" data-widget_type=\"button.default\">\n\t\t\t\t<div class=\"elementor-widget-container\">\n\t\t\t\t\t<div class=\"elementor-button-wrapper\">\n\t\t\t<a href=\"https:\/\/peoms.pl\/wp-content\/uploads\/2026\/03\/3_zalacznik_nr_2_do_SWZ_DP_PKC_01_26_MSME_GIII.zip\" class=\"elementor-button-link elementor-button elementor-size-sm\" role=\"button\">\n\t\t\t\t\t\t<span class=\"elementor-button-content-wrapper\">\n\t\t\t\t\t\t<span class=\"elementor-button-text\">(3)_za\u0142acznik_nr_2_do_SWZ_DP_(PKC_01_26_MS(ME_GIII))<\/span>\n\t\t<\/span>\n\t\t\t\t\t<\/a>\n\t\t<\/div>\n\t\t\t\t<\/div>\n\t\t\t\t<\/div>\n\t\t\t\t<div class=\"elementor-element elementor-element-667e261 elementor-widget elementor-widget-button\" data-id=\"667e261\" data-element_type=\"widget\" data-widget_type=\"button.default\">\n\t\t\t\t<div class=\"elementor-widget-container\">\n\t\t\t\t\t<div class=\"elementor-button-wrapper\">\n\t\t\t<a href=\"https:\/\/peoms.pl\/wp-content\/uploads\/2026\/03\/4_11-zalaczniki-od-nr-3a-do-nr-8-do-SWZ-PKC_01_26_MSME_GIII.zip\" class=\"elementor-button-link elementor-button elementor-size-sm\" role=\"button\">\n\t\t\t\t\t\t<span class=\"elementor-button-content-wrapper\">\n\t\t\t\t\t\t<span class=\"elementor-button-text\">(4_11) za\u0142\u0105czniki od nr 3a do nr 8 do SWZ (PKC_01_26_MS(ME_GIII))<\/span>\n\t\t<\/span>\n\t\t\t\t\t<\/a>\n\t\t<\/div>\n\t\t\t\t<\/div>\n\t\t\t\t<\/div>\n\t\t\t\t<div class=\"elementor-element elementor-element-cdc6f86 elementor-widget elementor-widget-button\" data-id=\"cdc6f86\" data-element_type=\"widget\" data-widget_type=\"button.default\">\n\t\t\t\t<div class=\"elementor-widget-container\">\n\t\t\t\t\t<div class=\"elementor-button-wrapper\">\n\t\t\t<a href=\"https:\/\/peoms.pl\/wp-content\/uploads\/2026\/03\/12-zalacznik-nr-9-wzor-Umowy-PKC_01_26_MSME_GIII.pdf\" class=\"elementor-button-link elementor-button elementor-size-sm\" role=\"button\">\n\t\t\t\t\t\t<span class=\"elementor-button-content-wrapper\">\n\t\t\t\t\t\t<span class=\"elementor-button-text\">(12) za\u0142\u0105cznik nr 9 wz\u00f3r Umowy (PKC_01_26_MS(ME_GIII))<\/span>\n\t\t<\/span>\n\t\t\t\t\t<\/a>\n\t\t<\/div>\n\t\t\t\t<\/div>\n\t\t\t\t<\/div>\n\t\t\t\t<div class=\"elementor-element elementor-element-c9063ce elementor-widget elementor-widget-button\" data-id=\"c9063ce\" data-element_type=\"widget\" data-widget_type=\"button.default\">\n\t\t\t\t<div class=\"elementor-widget-container\">\n\t\t\t\t\t<div class=\"elementor-button-wrapper\">\n\t\t\t<a href=\"https:\/\/peoms.pl\/wp-content\/uploads\/2026\/03\/13-zawiadomienie-o-zmianie-zapisow-Ogloszenia-PKC_01_26_MSME_GIII.pdf\" class=\"elementor-button-link elementor-button elementor-size-sm\" role=\"button\">\n\t\t\t\t\t\t<span class=\"elementor-button-content-wrapper\">\n\t\t\t\t\t\t<span class=\"elementor-button-text\">(13) zawiadomienie o zmianie zapis\u00f3w Og\u0142oszenia (PKC_01_26_MS(ME_GIII))<\/span>\n\t\t<\/span>\n\t\t\t\t\t<\/a>\n\t\t<\/div>\n\t\t\t\t<\/div>\n\t\t\t\t<\/div>\n\t\t\t\t<div class=\"elementor-element elementor-element-49d0c99 elementor-widget elementor-widget-button\" data-id=\"49d0c99\" data-element_type=\"widget\" data-widget_type=\"button.default\">\n\t\t\t\t<div class=\"elementor-widget-container\">\n\t\t\t\t\t<div class=\"elementor-button-wrapper\">\n\t\t\t<a href=\"https:\/\/peoms.pl\/wp-content\/uploads\/2026\/03\/14-informacja-o-kwocie-na-realizacje-zamowienia-ZO_01_26_MSME_GIII.pdf\" class=\"elementor-button-link elementor-button elementor-size-sm\" role=\"button\">\n\t\t\t\t\t\t<span class=\"elementor-button-content-wrapper\">\n\t\t\t\t\t\t<span class=\"elementor-button-text\">(14) informacja o kwocie na realizacj\u0119 zam\u00f3wienia (ZO_01_26_MS(ME_GIII))<\/span>\n\t\t<\/span>\n\t\t\t\t\t<\/a>\n\t\t<\/div>\n\t\t\t\t<\/div>\n\t\t\t\t<\/div>\n\t\t\t\t<div class=\"elementor-element elementor-element-5b887cd elementor-widget elementor-widget-button\" data-id=\"5b887cd\" data-element_type=\"widget\" data-widget_type=\"button.default\">\n\t\t\t\t<div class=\"elementor-widget-container\">\n\t\t\t\t\t<div class=\"elementor-button-wrapper\">\n\t\t\t<a href=\"https:\/\/peoms.pl\/wp-content\/uploads\/2026\/03\/15-informacja-z-sesji-otwarcia-ofert-ZO_01_26_MSME_GIII.pdf\" class=\"elementor-button-link elementor-button elementor-size-sm\" role=\"button\">\n\t\t\t\t\t\t<span class=\"elementor-button-content-wrapper\">\n\t\t\t\t\t\t<span class=\"elementor-button-text\">(15) informacja z sesji otwarcia ofert (ZO_01_26_MS(ME_GIII))<\/span>\n\t\t<\/span>\n\t\t\t\t\t<\/a>\n\t\t<\/div>\n\t\t\t\t<\/div>\n\t\t\t\t<\/div>\n\t\t\t\t\t<\/div>\n\t\t<\/div>\n\t\t\t\t\t\t\t<\/div>\n\t\t<\/section>\n\t\t\t\t\t\t<\/div>\n\t\t\t\t\t<\/div>\n\t\t","protected":false},"excerpt":{"rendered":"<p>Przetarg: PKC-01\/26\/MS(ME\/GIII) \u00a0 TRYB PROWADZINEGO POST\u0118POWANIA: Post\u0119powanie o udzielenie zam\u00f3wienia prowadzone jest w trybie przetarg, o kt\u00f3rym mowa w art.\u00a0701\u2013705\u00a0ustawy z dnia 23 kwietnia 1964 r. \u2013 Kodeks cywilny (t.j. Dz.U. z 2025 r. poz. 1071, ze zm., dalej jako \u201eKC\u201d) na zasadach okre\u015blonych w Procedurze zawierania um\u00f3w w ramach inwestycji pn. \u201eBudowa magazynu energii [&hellip;]<\/p>\n","protected":false},"author":3,"featured_media":0,"parent":0,"menu_order":0,"comment_status":"closed","ping_status":"closed","template":"","meta":{"_regular_price":[],"currency_symbol":[],"footnotes":""},"class_list":["post-652","page","type-page","status-publish","hentry"],"post_slider_layout_featured_media_urls":{"thumbnail":"","post_slider_layout_landscape_large":"","post_slider_layout_portrait_large":"","post_slider_layout_square_large":"","post_slider_layout_landscape":"","post_slider_layout_portrait":"","post_slider_layout_square":"","full":""},"yoast_head":"<!-- This site is optimized with the Yoast SEO plugin v17.4 - https:\/\/yoast.com\/wordpress\/plugins\/seo\/ -->\n<title>Aktualne przetargi - Polska Energia Odnawialna Marcin Szlaps<\/title>\n<meta name=\"robots\" content=\"index, follow, max-snippet:-1, max-image-preview:large, max-video-preview:-1\" \/>\n<link rel=\"canonical\" href=\"https:\/\/peoms.pl\/?page_id=652\" \/>\n<meta property=\"og:locale\" content=\"en_US\" \/>\n<meta property=\"og:type\" content=\"article\" \/>\n<meta property=\"og:title\" content=\"Aktualne przetargi - Polska Energia Odnawialna Marcin Szlaps\" \/>\n<meta property=\"og:description\" content=\"Przetarg: PKC-01\/26\/MS(ME\/GIII) \u00a0 TRYB PROWADZINEGO POST\u0118POWANIA: Post\u0119powanie o udzielenie zam\u00f3wienia prowadzone jest w trybie przetarg, o kt\u00f3rym mowa w art.\u00a0701\u2013705\u00a0ustawy z dnia 23 kwietnia 1964 r. \u2013 Kodeks cywilny (t.j. Dz.U. z 2025 r. poz. 1071, ze zm., dalej jako \u201eKC\u201d) na zasadach okre\u015blonych w Procedurze zawierania um\u00f3w w ramach inwestycji pn. \u201eBudowa magazynu energii [&hellip;]\" \/>\n<meta property=\"og:url\" content=\"https:\/\/peoms.pl\/?page_id=652\" \/>\n<meta property=\"og:site_name\" content=\"Polska Energia Odnawialna Marcin Szlaps\" \/>\n<meta property=\"article:modified_time\" content=\"2026-03-23T13:26:39+00:00\" \/>\n<meta property=\"og:image\" content=\"https:\/\/peoms.pl\/wp-content\/uploads\/2026\/02\/nfoseu.png\" \/>\n<meta name=\"twitter:card\" content=\"summary_large_image\" \/>\n<meta name=\"twitter:label1\" content=\"Est. reading time\" \/>\n\t<meta name=\"twitter:data1\" content=\"1 minute\" \/>\n<script type=\"application\/ld+json\" class=\"yoast-schema-graph\">{\"@context\":\"https:\/\/schema.org\",\"@graph\":[{\"@type\":\"WebSite\",\"@id\":\"https:\/\/peoms.pl\/#website\",\"url\":\"https:\/\/peoms.pl\/\",\"name\":\"Polska Energia Odnawialna Marcin Szlaps\",\"description\":\"\",\"potentialAction\":[{\"@type\":\"SearchAction\",\"target\":{\"@type\":\"EntryPoint\",\"urlTemplate\":\"https:\/\/peoms.pl\/?s={search_term_string}\"},\"query-input\":\"required name=search_term_string\"}],\"inLanguage\":\"en-US\"},{\"@type\":\"ImageObject\",\"@id\":\"https:\/\/peoms.pl\/?page_id=652#primaryimage\",\"inLanguage\":\"en-US\",\"url\":\"https:\/\/peoms.pl\/wp-content\/uploads\/2026\/02\/nfoseu.png\",\"contentUrl\":\"https:\/\/peoms.pl\/wp-content\/uploads\/2026\/02\/nfoseu.png\",\"width\":819,\"height\":146},{\"@type\":\"WebPage\",\"@id\":\"https:\/\/peoms.pl\/?page_id=652#webpage\",\"url\":\"https:\/\/peoms.pl\/?page_id=652\",\"name\":\"Aktualne przetargi - Polska Energia Odnawialna Marcin Szlaps\",\"isPartOf\":{\"@id\":\"https:\/\/peoms.pl\/#website\"},\"primaryImageOfPage\":{\"@id\":\"https:\/\/peoms.pl\/?page_id=652#primaryimage\"},\"datePublished\":\"2026-02-27T21:26:38+00:00\",\"dateModified\":\"2026-03-23T13:26:39+00:00\",\"breadcrumb\":{\"@id\":\"https:\/\/peoms.pl\/?page_id=652#breadcrumb\"},\"inLanguage\":\"en-US\",\"potentialAction\":[{\"@type\":\"ReadAction\",\"target\":[\"https:\/\/peoms.pl\/?page_id=652\"]}]},{\"@type\":\"BreadcrumbList\",\"@id\":\"https:\/\/peoms.pl\/?page_id=652#breadcrumb\",\"itemListElement\":[{\"@type\":\"ListItem\",\"position\":1,\"name\":\"Home\",\"item\":\"https:\/\/peoms.pl\/\"},{\"@type\":\"ListItem\",\"position\":2,\"name\":\"Aktualne przetargi\"}]}]}<\/script>\n<!-- \/ Yoast SEO plugin. -->","yoast_head_json":{"title":"Aktualne przetargi - Polska Energia Odnawialna Marcin Szlaps","robots":{"index":"index","follow":"follow","max-snippet":"max-snippet:-1","max-image-preview":"max-image-preview:large","max-video-preview":"max-video-preview:-1"},"canonical":"https:\/\/peoms.pl\/?page_id=652","og_locale":"en_US","og_type":"article","og_title":"Aktualne przetargi - Polska Energia Odnawialna Marcin Szlaps","og_description":"Przetarg: PKC-01\/26\/MS(ME\/GIII) \u00a0 TRYB PROWADZINEGO POST\u0118POWANIA: Post\u0119powanie o udzielenie zam\u00f3wienia prowadzone jest w trybie przetarg, o kt\u00f3rym mowa w art.\u00a0701\u2013705\u00a0ustawy z dnia 23 kwietnia 1964 r. \u2013 Kodeks cywilny (t.j. Dz.U. z 2025 r. poz. 1071, ze zm., dalej jako \u201eKC\u201d) na zasadach okre\u015blonych w Procedurze zawierania um\u00f3w w ramach inwestycji pn. \u201eBudowa magazynu energii [&hellip;]","og_url":"https:\/\/peoms.pl\/?page_id=652","og_site_name":"Polska Energia Odnawialna Marcin Szlaps","article_modified_time":"2026-03-23T13:26:39+00:00","og_image":[{"url":"https:\/\/peoms.pl\/wp-content\/uploads\/2026\/02\/nfoseu.png"}],"twitter_card":"summary_large_image","twitter_misc":{"Est. reading time":"1 minute"},"schema":{"@context":"https:\/\/schema.org","@graph":[{"@type":"WebSite","@id":"https:\/\/peoms.pl\/#website","url":"https:\/\/peoms.pl\/","name":"Polska Energia Odnawialna Marcin Szlaps","description":"","potentialAction":[{"@type":"SearchAction","target":{"@type":"EntryPoint","urlTemplate":"https:\/\/peoms.pl\/?s={search_term_string}"},"query-input":"required name=search_term_string"}],"inLanguage":"en-US"},{"@type":"ImageObject","@id":"https:\/\/peoms.pl\/?page_id=652#primaryimage","inLanguage":"en-US","url":"https:\/\/peoms.pl\/wp-content\/uploads\/2026\/02\/nfoseu.png","contentUrl":"https:\/\/peoms.pl\/wp-content\/uploads\/2026\/02\/nfoseu.png","width":819,"height":146},{"@type":"WebPage","@id":"https:\/\/peoms.pl\/?page_id=652#webpage","url":"https:\/\/peoms.pl\/?page_id=652","name":"Aktualne przetargi - Polska Energia Odnawialna Marcin Szlaps","isPartOf":{"@id":"https:\/\/peoms.pl\/#website"},"primaryImageOfPage":{"@id":"https:\/\/peoms.pl\/?page_id=652#primaryimage"},"datePublished":"2026-02-27T21:26:38+00:00","dateModified":"2026-03-23T13:26:39+00:00","breadcrumb":{"@id":"https:\/\/peoms.pl\/?page_id=652#breadcrumb"},"inLanguage":"en-US","potentialAction":[{"@type":"ReadAction","target":["https:\/\/peoms.pl\/?page_id=652"]}]},{"@type":"BreadcrumbList","@id":"https:\/\/peoms.pl\/?page_id=652#breadcrumb","itemListElement":[{"@type":"ListItem","position":1,"name":"Home","item":"https:\/\/peoms.pl\/"},{"@type":"ListItem","position":2,"name":"Aktualne przetargi"}]}]}},"_links":{"self":[{"href":"https:\/\/peoms.pl\/index.php?rest_route=\/wp\/v2\/pages\/652","targetHints":{"allow":["GET"]}}],"collection":[{"href":"https:\/\/peoms.pl\/index.php?rest_route=\/wp\/v2\/pages"}],"about":[{"href":"https:\/\/peoms.pl\/index.php?rest_route=\/wp\/v2\/types\/page"}],"author":[{"embeddable":true,"href":"https:\/\/peoms.pl\/index.php?rest_route=\/wp\/v2\/users\/3"}],"replies":[{"embeddable":true,"href":"https:\/\/peoms.pl\/index.php?rest_route=%2Fwp%2Fv2%2Fcomments&post=652"}],"version-history":[{"count":32,"href":"https:\/\/peoms.pl\/index.php?rest_route=\/wp\/v2\/pages\/652\/revisions"}],"predecessor-version":[{"id":704,"href":"https:\/\/peoms.pl\/index.php?rest_route=\/wp\/v2\/pages\/652\/revisions\/704"}],"wp:attachment":[{"href":"https:\/\/peoms.pl\/index.php?rest_route=%2Fwp%2Fv2%2Fmedia&parent=652"}],"curies":[{"name":"wp","href":"https:\/\/api.w.org\/{rel}","templated":true}]}}